{"id":338,"date":"2024-03-19T00:38:25","date_gmt":"2024-03-19T00:38:25","guid":{"rendered":"http:\/\/rhinosupplier.com\/?page_id=338"},"modified":"2024-05-06T16:07:00","modified_gmt":"2024-05-06T16:07:00","slug":"concreto","status":"publish","type":"page","link":"https:\/\/rhinosupplier.com\/index.php\/concreto\/","title":{"rendered":"Concreto"},"content":{"rendered":"<p>[et_pb_section fb_built=&#8221;1&#8243; admin_label=&#8221;FAQ&#8221; _builder_version=&#8221;4.22.0&#8243; _module_preset=&#8221;default&#8221; background_color=&#8221;gcid-fc7b31e8-94d8-4560-b647-c33fa43cc805&#8243; width_tablet=&#8221;80%&#8221; width_phone=&#8221;80%&#8221; width_last_edited=&#8221;on|tablet&#8221; custom_margin=&#8221;30px|30px|30px|30px|true|true&#8221; module_alignment_tablet=&#8221;center&#8221; module_alignment_phone=&#8221;center&#8221; module_alignment_last_edited=&#8221;on|desktop&#8221; border_radii=&#8221;on|10px|10px|10px|10px&#8221; locked=&#8221;off&#8221; collapsed=&#8221;on&#8221; global_colors_info=&#8221;{%22gcid-fc7b31e8-94d8-4560-b647-c33fa43cc805%22:%91%22background_color%22%93}&#8221;][et_pb_row _builder_version=&#8221;4.22.0&#8243; _module_preset=&#8221;default&#8221; global_colors_info=&#8221;{}&#8221;][et_pb_column type=&#8221;4_4&#8243; _builder_version=&#8221;4.22.0&#8243; _module_preset=&#8221;default&#8221; global_colors_info=&#8221;{}&#8221;][et_pb_text _builder_version=&#8221;4.22.0&#8243; _module_preset=&#8221;7925a02c-e510-4fb5-9ac4-6bee5b72aa60&#8243; global_colors_info=&#8221;{}&#8221;]<\/p>\n<h2>Concreto<\/h2>\n<p>[\/et_pb_text][\/et_pb_column][\/et_pb_row][et_pb_row _builder_version=&#8221;4.24.3&#8243; _module_preset=&#8221;default&#8221; global_colors_info=&#8221;{}&#8221;][et_pb_column type=&#8221;4_4&#8243; _builder_version=&#8221;4.24.3&#8243; _module_preset=&#8221;default&#8221; global_colors_info=&#8221;{}&#8221;][et_pb_text _builder_version=&#8221;4.24.3&#8243; _module_preset=&#8221;default&#8221; global_colors_info=&#8221;{}&#8221;]<\/p>\n<h2 style=\"text-align: center;\">Concreto Premezclado<\/h2>\n<p>[\/et_pb_text][\/et_pb_column][\/et_pb_row][et_pb_row column_structure=&#8221;1_3,1_3,1_3&#8243; make_equal=&#8221;on&#8221; _builder_version=&#8221;4.24.3&#8243; _module_preset=&#8221;default&#8221; global_colors_info=&#8221;{}&#8221;][et_pb_column type=&#8221;1_3&#8243; _builder_version=&#8221;4.24.3&#8243; _module_preset=&#8221;default&#8221; global_colors_info=&#8221;{}&#8221;][et_pb_image src=&#8221;https:\/\/rhinosupplier.com\/wp-content\/uploads\/2024\/04\/Concreto-Premezclado1.png&#8221; title_text=&#8221;Concreto Premezclado1&#8243; align=&#8221;center&#8221; _builder_version=&#8221;4.24.3&#8243; _module_preset=&#8221;default&#8221; global_colors_info=&#8221;{}&#8221;][\/et_pb_image][\/et_pb_column][et_pb_column type=&#8221;1_3&#8243; _builder_version=&#8221;4.24.3&#8243; _module_preset=&#8221;default&#8221; custom_css_free_form=&#8221;margin:auto;\t&#8221; global_colors_info=&#8221;{}&#8221;][et_pb_image src=&#8221;https:\/\/rhinosupplier.com\/wp-content\/uploads\/2024\/04\/Concreto-Premezclado2.png&#8221; title_text=&#8221;Concreto Premezclado2&#8243; align=&#8221;center&#8221; _builder_version=&#8221;4.24.3&#8243; _module_preset=&#8221;default&#8221; custom_css_main_element=&#8221;margin:auto;&#8221; global_colors_info=&#8221;{}&#8221;][\/et_pb_image][\/et_pb_column][et_pb_column type=&#8221;1_3&#8243; _builder_version=&#8221;4.24.3&#8243; _module_preset=&#8221;default&#8221; custom_css_main_element=&#8221;margin: auto;&#8221; custom_css_free_form=&#8221;margin:auto;&#8221; global_colors_info=&#8221;{}&#8221;][et_pb_image src=&#8221;https:\/\/rhinosupplier.com\/wp-content\/uploads\/2024\/04\/Concreto-Premezclado3-1-309&#215;163-1-309&#215;163.jpg&#8221; title_text=&#8221;Concreto Premezclado3&#8243; align=&#8221;center&#8221; _builder_version=&#8221;4.24.3&#8243; _module_preset=&#8221;default&#8221; global_colors_info=&#8221;{}&#8221;][\/et_pb_image][\/et_pb_column][\/et_pb_row][et_pb_row _builder_version=&#8221;4.24.3&#8243; _module_preset=&#8221;default&#8221; global_colors_info=&#8221;{}&#8221;][et_pb_column type=&#8221;4_4&#8243; _builder_version=&#8221;4.24.3&#8243; _module_preset=&#8221;default&#8221; global_colors_info=&#8221;{}&#8221;][et_pb_text _builder_version=&#8221;4.24.3&#8243; _module_preset=&#8221;default&#8221; global_colors_info=&#8221;{}&#8221;]<\/p>\n<h2 style=\"text-align: center;\">TIPOS DE CONCRETOS A SU DISPOSICI\u00d3N<\/h2>\n<p>[\/et_pb_text][\/et_pb_column][\/et_pb_row][et_pb_row column_structure=&#8221;1_5,1_5,1_5,1_5,1_5&#8243; _builder_version=&#8221;4.24.3&#8243; _module_preset=&#8221;default&#8221; global_colors_info=&#8221;{}&#8221;][et_pb_column type=&#8221;1_5&#8243; _builder_version=&#8221;4.24.3&#8243; _module_preset=&#8221;default&#8221; global_colors_info=&#8221;{}&#8221;][et_pb_text _builder_version=&#8221;4.24.3&#8243; _module_preset=&#8221;default&#8221; global_colors_info=&#8221;{}&#8221;]<\/p>\n<p>NORMALES<\/p>\n<ul>\n<li>Concreto Convencional<\/li>\n<li>Concreto Estructural<\/li>\n<li>Concreto Fluido<\/li>\n<li>Morteros<\/li>\n<\/ul>\n<p>[\/et_pb_text][\/et_pb_column][et_pb_column type=&#8221;1_5&#8243; _builder_version=&#8221;4.24.3&#8243; _module_preset=&#8221;default&#8221; global_colors_info=&#8221;{}&#8221;][et_pb_text _builder_version=&#8221;4.24.3&#8243; _module_preset=&#8221;default&#8221; global_colors_info=&#8221;{}&#8221;]<\/p>\n<p>ESPECIALES<\/p>\n<ul>\n<li>Resistencias Altas\u00a0temperaturas<\/li>\n<li>Autocompactable<\/li>\n<li>Resistencias r\u00e1pidas RR y\u00a0RET<\/li>\n<li>Pisos Industriales<\/li>\n<li>Contracci\u00f3n reducida\u00a0<\/li>\n<li>Durables<\/li>\n<\/ul>\n<p>[\/et_pb_text][\/et_pb_column][et_pb_column type=&#8221;1_5&#8243; _builder_version=&#8221;4.24.3&#8243; _module_preset=&#8221;default&#8221; global_colors_info=&#8221;{}&#8221;][et_pb_text _builder_version=&#8221;4.24.3&#8243; _module_preset=&#8221;default&#8221; global_colors_info=&#8221;{}&#8221;]<\/p>\n<p>ARQUITECT\u00d3NICOS<\/p>\n<ul>\n<li>Concreto con color<\/li>\n<li>Integrado<\/li>\n<li>Estampado<\/li>\n<li>Terrazos<\/li>\n<li>Agregado Expuesto<\/li>\n<li>Ecol\u00f3gico<\/li>\n<\/ul>\n<p>[\/et_pb_text][\/et_pb_column][et_pb_column type=&#8221;1_5&#8243; _builder_version=&#8221;4.24.3&#8243; _module_preset=&#8221;default&#8221; global_colors_info=&#8221;{}&#8221;][et_pb_text _builder_version=&#8221;4.24.3&#8243; _module_preset=&#8221;default&#8221; global_colors_info=&#8221;{}&#8221;]<\/p>\n<p>PAVIMENTOS DE CONCRETO<\/p>\n<ul>\n<li>Pavimentos Carreteras<\/li>\n<li>Urbanizaci\u00f3n<\/li>\n<li>Withetopping<\/li>\n<\/ul>\n<p>[\/et_pb_text][\/et_pb_column][et_pb_column type=&#8221;1_5&#8243; _builder_version=&#8221;4.24.3&#8243; _module_preset=&#8221;default&#8221; global_colors_info=&#8221;{}&#8221;][et_pb_text _builder_version=&#8221;4.24.3&#8243; _module_preset=&#8221;default&#8221; global_colors_info=&#8221;{}&#8221;]<\/p>\n<p>OTROS PRODUCTOS<\/p>\n<ul>\n<li>Concreto Celular<\/li>\n<li>Mortero de larga vida<\/li>\n<li>Concreto Antibacterial<\/li>\n<li>Mortero Relleno Fluido<\/li>\n<li>Concreto Marino<\/li>\n<li>Pesado<\/li>\n<li>Lanzado<\/li>\n<li>Frigor\u00edfico<\/li>\n<\/ul>\n<p>[\/et_pb_text][\/et_pb_column][\/et_pb_row][et_pb_row _builder_version=&#8221;4.24.3&#8243; _module_preset=&#8221;default&#8221; global_colors_info=&#8221;{}&#8221;][et_pb_column type=&#8221;4_4&#8243; _builder_version=&#8221;4.24.3&#8243; _module_preset=&#8221;default&#8221; global_colors_info=&#8221;{}&#8221;][et_pb_text _builder_version=&#8221;4.25.0&#8243; _module_preset=&#8221;default&#8221; hover_enabled=&#8221;0&#8243; global_colors_info=&#8221;{}&#8221; sticky_enabled=&#8221;0&#8243;]<\/p>\n<h2 style=\"text-align: center;\">Servicio de Bombeo de Concreto<\/h2>\n<p>[\/et_pb_text][\/et_pb_column][\/et_pb_row][et_pb_row column_structure=&#8221;1_3,1_3,1_3&#8243; _builder_version=&#8221;4.24.3&#8243; _module_preset=&#8221;default&#8221; global_colors_info=&#8221;{}&#8221;][et_pb_column type=&#8221;1_3&#8243; _builder_version=&#8221;4.24.3&#8243; _module_preset=&#8221;default&#8221; global_colors_info=&#8221;{}&#8221;][et_pb_image src=&#8221;https:\/\/rhinosupplier.com\/wp-content\/uploads\/2024\/04\/BombeoConcreto1.png&#8221; title_text=&#8221;BombeoConcreto1&#8243; align=&#8221;center&#8221; _builder_version=&#8221;4.24.3&#8243; _module_preset=&#8221;default&#8221; global_colors_info=&#8221;{}&#8221;][\/et_pb_image][\/et_pb_column][et_pb_column type=&#8221;1_3&#8243; _builder_version=&#8221;4.24.3&#8243; _module_preset=&#8221;default&#8221; global_colors_info=&#8221;{}&#8221;][et_pb_image src=&#8221;https:\/\/rhinosupplier.com\/wp-content\/uploads\/2024\/04\/BombeoConcreto2.png&#8221; title_text=&#8221;BombeoConcreto2&#8243; align=&#8221;center&#8221; _builder_version=&#8221;4.24.3&#8243; _module_preset=&#8221;default&#8221; global_colors_info=&#8221;{}&#8221;][\/et_pb_image][\/et_pb_column][et_pb_column type=&#8221;1_3&#8243; _builder_version=&#8221;4.24.3&#8243; _module_preset=&#8221;default&#8221; global_colors_info=&#8221;{}&#8221;][et_pb_image src=&#8221;https:\/\/rhinosupplier.com\/wp-content\/uploads\/2024\/04\/BombeoConcreto3.png&#8221; title_text=&#8221;BombeoConcreto3&#8243; align=&#8221;center&#8221; _builder_version=&#8221;4.24.3&#8243; _module_preset=&#8221;default&#8221; global_colors_info=&#8221;{}&#8221;][\/et_pb_image][\/et_pb_column][\/et_pb_row][\/et_pb_section]<\/p>\n","protected":false},"excerpt":{"rendered":"<p>ConcretoConcreto PremezcladoTIPOS DE CONCRETOS A SU DISPOSICI\u00d3NNORMALES Concreto Convencional Concreto Estructural Concreto Fluido Morteros ESPECIALES Resistencias Altas\u00a0temperaturas Autocompactable Resistencias r\u00e1pidas RR y\u00a0RET Pisos Industriales Contracci\u00f3n reducida\u00a0 Durables ARQUITECT\u00d3NICOS Concreto con color Integrado Estampado Terrazos Agregado Expuesto Ecol\u00f3gico PAVIMENTOS DE CONCRETO Pavimentos Carreteras Urbanizaci\u00f3n Withetopping OTROS PRODUCTOS Concreto Celular Mortero de larga vida Concreto Antibacterial Mortero [&hellip;]<\/p>\n","protected":false},"author":1,"featured_media":0,"parent":0,"menu_order":0,"comment_status":"closed","ping_status":"closed","template":"","meta":{"_et_pb_use_builder":"on","_et_pb_old_content":"","_et_gb_content_width":"","footnotes":""},"class_list":["post-338","page","type-page","status-publish","hentry"],"yoast_head":"<!-- This site is optimized with the Yoast SEO plugin v26.6 - https:\/\/yoast.com\/wordpress\/plugins\/seo\/ -->\n<title>Concreto - RhinoSupplier<\/title>\n<meta name=\"robots\" content=\"index, follow, max-snippet:-1, max-image-preview:large, max-video-preview:-1\" \/>\n<link rel=\"canonical\" href=\"https:\/\/rhinosupplier.com\/index.php\/concreto\/\" \/>\n<meta property=\"og:locale\" content=\"es_MX\" \/>\n<meta property=\"og:type\" content=\"article\" \/>\n<meta property=\"og:title\" content=\"Concreto - RhinoSupplier\" \/>\n<meta property=\"og:description\" content=\"ConcretoConcreto PremezcladoTIPOS DE CONCRETOS A SU DISPOSICI\u00d3NNORMALES Concreto Convencional Concreto Estructural Concreto Fluido Morteros ESPECIALES Resistencias Altas\u00a0temperaturas Autocompactable Resistencias r\u00e1pidas RR y\u00a0RET Pisos Industriales Contracci\u00f3n reducida\u00a0 Durables ARQUITECT\u00d3NICOS Concreto con color Integrado Estampado Terrazos Agregado Expuesto Ecol\u00f3gico PAVIMENTOS DE CONCRETO Pavimentos Carreteras Urbanizaci\u00f3n Withetopping OTROS PRODUCTOS Concreto Celular Mortero de larga vida Concreto Antibacterial Mortero [&hellip;]\" \/>\n<meta property=\"og:url\" content=\"https:\/\/rhinosupplier.com\/index.php\/concreto\/\" \/>\n<meta property=\"og:site_name\" content=\"RhinoSupplier\" \/>\n<meta property=\"article:modified_time\" content=\"2024-05-06T16:07:00+00:00\" \/>\n<meta name=\"twitter:card\" content=\"summary_large_image\" \/>\n<meta name=\"twitter:label1\" content=\"Tiempo de lectura\" \/>\n\t<meta name=\"twitter:data1\" content=\"4 minutos\" \/>\n<script type=\"application\/ld+json\" class=\"yoast-schema-graph\">{\"@context\":\"https:\/\/schema.org\",\"@graph\":[{\"@type\":\"WebPage\",\"@id\":\"https:\/\/rhinosupplier.com\/index.php\/concreto\/\",\"url\":\"https:\/\/rhinosupplier.com\/index.php\/concreto\/\",\"name\":\"Concreto - RhinoSupplier\",\"isPartOf\":{\"@id\":\"https:\/\/rhinosupplier.com\/#website\"},\"datePublished\":\"2024-03-19T00:38:25+00:00\",\"dateModified\":\"2024-05-06T16:07:00+00:00\",\"breadcrumb\":{\"@id\":\"https:\/\/rhinosupplier.com\/index.php\/concreto\/#breadcrumb\"},\"inLanguage\":\"es\",\"potentialAction\":[{\"@type\":\"ReadAction\",\"target\":[\"https:\/\/rhinosupplier.com\/index.php\/concreto\/\"]}]},{\"@type\":\"BreadcrumbList\",\"@id\":\"https:\/\/rhinosupplier.com\/index.php\/concreto\/#breadcrumb\",\"itemListElement\":[{\"@type\":\"ListItem\",\"position\":1,\"name\":\"Inicio\",\"item\":\"https:\/\/rhinosupplier.com\/\"},{\"@type\":\"ListItem\",\"position\":2,\"name\":\"Concreto\"}]},{\"@type\":\"WebSite\",\"@id\":\"https:\/\/rhinosupplier.com\/#website\",\"url\":\"https:\/\/rhinosupplier.com\/\",\"name\":\"RhinoSupplier\",\"description\":\"\",\"potentialAction\":[{\"@type\":\"SearchAction\",\"target\":{\"@type\":\"EntryPoint\",\"urlTemplate\":\"https:\/\/rhinosupplier.com\/?s={search_term_string}\"},\"query-input\":{\"@type\":\"PropertyValueSpecification\",\"valueRequired\":true,\"valueName\":\"search_term_string\"}}],\"inLanguage\":\"es\"}]}<\/script>\n<!-- \/ Yoast SEO plugin. -->","yoast_head_json":{"title":"Concreto - RhinoSupplier","robots":{"index":"index","follow":"follow","max-snippet":"max-snippet:-1","max-image-preview":"max-image-preview:large","max-video-preview":"max-video-preview:-1"},"canonical":"https:\/\/rhinosupplier.com\/index.php\/concreto\/","og_locale":"es_MX","og_type":"article","og_title":"Concreto - RhinoSupplier","og_description":"ConcretoConcreto PremezcladoTIPOS DE CONCRETOS A SU DISPOSICI\u00d3NNORMALES Concreto Convencional Concreto Estructural Concreto Fluido Morteros ESPECIALES Resistencias Altas\u00a0temperaturas Autocompactable Resistencias r\u00e1pidas RR y\u00a0RET Pisos Industriales Contracci\u00f3n reducida\u00a0 Durables ARQUITECT\u00d3NICOS Concreto con color Integrado Estampado Terrazos Agregado Expuesto Ecol\u00f3gico PAVIMENTOS DE CONCRETO Pavimentos Carreteras Urbanizaci\u00f3n Withetopping OTROS PRODUCTOS Concreto Celular Mortero de larga vida Concreto Antibacterial Mortero [&hellip;]","og_url":"https:\/\/rhinosupplier.com\/index.php\/concreto\/","og_site_name":"RhinoSupplier","article_modified_time":"2024-05-06T16:07:00+00:00","twitter_card":"summary_large_image","twitter_misc":{"Tiempo de lectura":"4 minutos"},"schema":{"@context":"https:\/\/schema.org","@graph":[{"@type":"WebPage","@id":"https:\/\/rhinosupplier.com\/index.php\/concreto\/","url":"https:\/\/rhinosupplier.com\/index.php\/concreto\/","name":"Concreto - RhinoSupplier","isPartOf":{"@id":"https:\/\/rhinosupplier.com\/#website"},"datePublished":"2024-03-19T00:38:25+00:00","dateModified":"2024-05-06T16:07:00+00:00","breadcrumb":{"@id":"https:\/\/rhinosupplier.com\/index.php\/concreto\/#breadcrumb"},"inLanguage":"es","potentialAction":[{"@type":"ReadAction","target":["https:\/\/rhinosupplier.com\/index.php\/concreto\/"]}]},{"@type":"BreadcrumbList","@id":"https:\/\/rhinosupplier.com\/index.php\/concreto\/#breadcrumb","itemListElement":[{"@type":"ListItem","position":1,"name":"Inicio","item":"https:\/\/rhinosupplier.com\/"},{"@type":"ListItem","position":2,"name":"Concreto"}]},{"@type":"WebSite","@id":"https:\/\/rhinosupplier.com\/#website","url":"https:\/\/rhinosupplier.com\/","name":"RhinoSupplier","description":"","potentialAction":[{"@type":"SearchAction","target":{"@type":"EntryPoint","urlTemplate":"https:\/\/rhinosupplier.com\/?s={search_term_string}"},"query-input":{"@type":"PropertyValueSpecification","valueRequired":true,"valueName":"search_term_string"}}],"inLanguage":"es"}]}},"_links":{"self":[{"href":"https:\/\/rhinosupplier.com\/index.php\/wp-json\/wp\/v2\/pages\/338","targetHints":{"allow":["GET"]}}],"collection":[{"href":"https:\/\/rhinosupplier.com\/index.php\/wp-json\/wp\/v2\/pages"}],"about":[{"href":"https:\/\/rhinosupplier.com\/index.php\/wp-json\/wp\/v2\/types\/page"}],"author":[{"embeddable":true,"href":"https:\/\/rhinosupplier.com\/index.php\/wp-json\/wp\/v2\/users\/1"}],"replies":[{"embeddable":true,"href":"https:\/\/rhinosupplier.com\/index.php\/wp-json\/wp\/v2\/comments?post=338"}],"version-history":[{"count":5,"href":"https:\/\/rhinosupplier.com\/index.php\/wp-json\/wp\/v2\/pages\/338\/revisions"}],"predecessor-version":[{"id":655,"href":"https:\/\/rhinosupplier.com\/index.php\/wp-json\/wp\/v2\/pages\/338\/revisions\/655"}],"wp:attachment":[{"href":"https:\/\/rhinosupplier.com\/index.php\/wp-json\/wp\/v2\/media?parent=338"}],"curies":[{"name":"wp","href":"https:\/\/api.w.org\/{rel}","templated":true}]}}