{"id":328,"date":"2024-03-19T00:29:13","date_gmt":"2024-03-19T00:29:13","guid":{"rendered":"http:\/\/rhinosupplier.com\/?page_id=328"},"modified":"2024-05-16T20:10:09","modified_gmt":"2024-05-17T02:10:09","slug":"miscelaneos","status":"publish","type":"page","link":"https:\/\/rhinosupplier.com\/index.php\/miscelaneos\/","title":{"rendered":"Miscel\u00e1neos"},"content":{"rendered":"<p>[et_pb_section fb_built=&#8221;1&#8243; admin_label=&#8221;Testimonials&#8221; _builder_version=&#8221;4.22.0&#8243; _module_preset=&#8221;default&#8221; collapsed=&#8221;on&#8221; global_colors_info=&#8221;{}&#8221;][et_pb_row _builder_version=&#8221;4.22.0&#8243; _module_preset=&#8221;default&#8221; locked=&#8221;off&#8221; global_colors_info=&#8221;{}&#8221;][et_pb_column type=&#8221;4_4&#8243; _builder_version=&#8221;4.22.0&#8243; _module_preset=&#8221;default&#8221; global_colors_info=&#8221;{}&#8221;][et_pb_text _builder_version=&#8221;4.22.0&#8243; _module_preset=&#8221;0e92b49e-0627-4906-870a-5aad39eca586&#8243; text_orientation=&#8221;center&#8221; global_colors_info=&#8221;{}&#8221;]<\/p>\n<h2>Miscel\u00e1neos<\/h2>\n<p>[\/et_pb_text][\/et_pb_column][\/et_pb_row][et_pb_row column_structure=&#8221;3_5,2_5&#8243; make_equal=&#8221;on&#8221; _builder_version=&#8221;4.25.0&#8243; _module_preset=&#8221;default&#8221; border_color_all=&#8221;#000000&#8243; box_shadow_style=&#8221;preset3&#8243; locked=&#8221;off&#8221; global_colors_info=&#8221;{}&#8221;][et_pb_column type=&#8221;3_5&#8243; _builder_version=&#8221;4.25.0&#8243; _module_preset=&#8221;default&#8221; custom_css_main_element=&#8221;margin:auto;&#8221; global_colors_info=&#8221;{}&#8221;][et_pb_text _builder_version=&#8221;4.25.0&#8243; _module_preset=&#8221;default&#8221; global_colors_info=&#8221;{}&#8221;]<\/p>\n<h2 style=\"text-align: center;\">Accesorios para soldar<\/h2>\n<p>[\/et_pb_text][\/et_pb_column][et_pb_column type=&#8221;2_5&#8243; _builder_version=&#8221;4.22.0&#8243; _module_preset=&#8221;default&#8221; global_colors_info=&#8221;{}&#8221;][et_pb_image src=&#8221;https:\/\/rhinosupplier.com\/wp-content\/uploads\/2024\/05\/Miscelaneo-4.png&#8221; alt=&#8221;Miscel\u00e1neo&#8221; title_text=&#8221;Miscelaneo 4&#8243; _builder_version=&#8221;4.25.1&#8243; _module_preset=&#8221;default&#8221; hover_enabled=&#8221;0&#8243; global_colors_info=&#8221;{}&#8221; align=&#8221;center&#8221; sticky_enabled=&#8221;0&#8243;][\/et_pb_image][\/et_pb_column][\/et_pb_row][et_pb_row column_structure=&#8221;1_3,1_3,1_3&#8243; _builder_version=&#8221;4.25.0&#8243; _module_preset=&#8221;default&#8221; global_colors_info=&#8221;{}&#8221;][et_pb_column type=&#8221;1_3&#8243; _builder_version=&#8221;4.25.0&#8243; _module_preset=&#8221;default&#8221; global_colors_info=&#8221;{}&#8221;][et_pb_text _builder_version=&#8221;4.25.0&#8243; _module_preset=&#8221;default&#8221; global_colors_info=&#8221;{}&#8221;]<\/p>\n<p>Kits de cable<br \/>Portaelectrodos<br \/>Pinzas de tierra<br \/>Conectores de cable<br \/>Zapatas para cable<\/p>\n<p>[\/et_pb_text][\/et_pb_column][et_pb_column type=&#8221;1_3&#8243; _builder_version=&#8221;4.25.0&#8243; _module_preset=&#8221;default&#8221; global_colors_info=&#8221;{}&#8221;][et_pb_text _builder_version=&#8221;4.25.0&#8243; _module_preset=&#8221;default&#8221; global_colors_info=&#8221;{}&#8221;]<\/p>\n<p>Domos<br \/>Hornos para electrodos<br \/>Herramientas auxiliares<br \/>Marcadores para metal<\/p>\n<p>[\/et_pb_text][\/et_pb_column][et_pb_column type=&#8221;1_3&#8243; _builder_version=&#8221;4.25.0&#8243; _module_preset=&#8221;default&#8221; global_colors_info=&#8221;{}&#8221;][et_pb_text _builder_version=&#8221;4.25.0&#8243; _module_preset=&#8221;default&#8221; global_colors_info=&#8221;{}&#8221;]<\/p>\n<p>Indicadores de temperatura<br \/>Productos Anti-Salpicadura<br \/>Qu\u00edmicos<br \/>Antorchas arco-aire y carbones<\/p>\n<p>[\/et_pb_text][\/et_pb_column][\/et_pb_row][et_pb_row column_structure=&#8221;1_3,1_3,1_3&#8243; _builder_version=&#8221;4.25.0&#8243; _module_preset=&#8221;default&#8221; global_colors_info=&#8221;{}&#8221;][et_pb_column type=&#8221;1_3&#8243; _builder_version=&#8221;4.25.0&#8243; _module_preset=&#8221;default&#8221; global_colors_info=&#8221;{}&#8221;][et_pb_image src=&#8221;https:\/\/rhinosupplier.com\/wp-content\/uploads\/2024\/05\/Miscelaneo-5.png&#8221; alt=&#8221;Miscel\u00e1neo&#8221; title_text=&#8221;Miscel\u00e1neo 5&#8243; align=&#8221;center&#8221; _builder_version=&#8221;4.25.0&#8243; _module_preset=&#8221;default&#8221; global_colors_info=&#8221;{}&#8221;][\/et_pb_image][\/et_pb_column][et_pb_column type=&#8221;1_3&#8243; _builder_version=&#8221;4.25.0&#8243; _module_preset=&#8221;default&#8221; global_colors_info=&#8221;{}&#8221;][et_pb_image src=&#8221;https:\/\/rhinosupplier.com\/wp-content\/uploads\/2024\/05\/Miscelaneo-3.png&#8221; alt=&#8221;Miscel\u00e1neo&#8221; title_text=&#8221;Miscelaneo 3&#8243; align=&#8221;center&#8221; _builder_version=&#8221;4.25.0&#8243; _module_preset=&#8221;default&#8221; global_colors_info=&#8221;{}&#8221;][\/et_pb_image][\/et_pb_column][et_pb_column type=&#8221;1_3&#8243; _builder_version=&#8221;4.25.0&#8243; _module_preset=&#8221;default&#8221; global_colors_info=&#8221;{}&#8221;][et_pb_image src=&#8221;https:\/\/rhinosupplier.com\/wp-content\/uploads\/2024\/05\/Miscelaneo-2.png&#8221; alt=&#8221;Miscel\u00e1neo&#8221; title_text=&#8221;Miscelaneo 2&#8243; align=&#8221;center&#8221; _builder_version=&#8221;4.25.0&#8243; _module_preset=&#8221;default&#8221; global_colors_info=&#8221;{}&#8221;][\/et_pb_image][\/et_pb_column][\/et_pb_row][et_pb_row _builder_version=&#8221;4.25.0&#8243; _module_preset=&#8221;default&#8221; custom_padding=&#8221;60px|||||&#8221; global_colors_info=&#8221;{}&#8221;][et_pb_column type=&#8221;4_4&#8243; _builder_version=&#8221;4.25.0&#8243; _module_preset=&#8221;default&#8221; global_colors_info=&#8221;{}&#8221;][et_pb_text _builder_version=&#8221;4.25.0&#8243; _module_preset=&#8221;default&#8221; box_shadow_style=&#8221;preset3&#8243; global_colors_info=&#8221;{}&#8221;]<\/p>\n<h2 style=\"text-align: center;\">Oxicorte y gas<\/h2>\n<p>[\/et_pb_text][\/et_pb_column][\/et_pb_row][et_pb_row column_structure=&#8221;1_3,1_3,1_3&#8243; _builder_version=&#8221;4.25.0&#8243; _module_preset=&#8221;default&#8221; global_colors_info=&#8221;{}&#8221;][et_pb_column type=&#8221;1_3&#8243; _builder_version=&#8221;4.25.0&#8243; _module_preset=&#8221;default&#8221; global_colors_info=&#8221;{}&#8221;][et_pb_text _builder_version=&#8221;4.25.0&#8243; _module_preset=&#8221;default&#8221; global_colors_info=&#8221;{}&#8221;]Equipos para oxicorte y soldadura aut\u00f3gena<br \/>\nReguladores industriales<br \/>\nSopletes<br \/>\nBoquillas de corte y limpia boquillas<br \/>\nBoquillas para soldar y boquillas multiflamas[\/et_pb_text][\/et_pb_column][et_pb_column type=&#8221;1_3&#8243; _builder_version=&#8221;4.25.0&#8243; _module_preset=&#8221;default&#8221; global_colors_info=&#8221;{}&#8221;][et_pb_text _builder_version=&#8221;4.25.0&#8243; _module_preset=&#8221;default&#8221; global_colors_info=&#8221;{}&#8221;]M\u00e1quinas para corte<br \/>\nMaquinas para oxicorte de tuber\u00eda<br \/>\nMangueras Oxi-Acetileno<br \/>\nV\u00e1lvulas Check, Arrestaflamas y conectores r\u00e1pidos[\/et_pb_text][\/et_pb_column][et_pb_column type=&#8221;1_3&#8243; _builder_version=&#8221;4.25.0&#8243; _module_preset=&#8221;default&#8221; global_colors_info=&#8221;{}&#8221;][et_pb_text _builder_version=&#8221;4.25.0&#8243; _module_preset=&#8221;default&#8221; global_colors_info=&#8221;{}&#8221;]Niples, ferrules y conexiones<br \/>\nFerruleras y kits para ferrular<br \/>\nEncendedores y piedras<br \/>\nSopletes multiflamas[\/et_pb_text][\/et_pb_column][\/et_pb_row][et_pb_row column_structure=&#8221;1_2,1_2&#8243; _builder_version=&#8221;4.25.0&#8243; _module_preset=&#8221;default&#8221; global_colors_info=&#8221;{}&#8221;][et_pb_column type=&#8221;1_2&#8243; _builder_version=&#8221;4.25.0&#8243; _module_preset=&#8221;default&#8221; global_colors_info=&#8221;{}&#8221;][et_pb_image src=&#8221;https:\/\/rhinosupplier.com\/wp-content\/uploads\/2024\/05\/Miscelaneo-6.png&#8221; alt=&#8221;Miscel\u00e1neo&#8221; title_text=&#8221;Miscelaneo 6&#8243; align=&#8221;center&#8221; _builder_version=&#8221;4.25.0&#8243; _module_preset=&#8221;default&#8221; global_colors_info=&#8221;{}&#8221;][\/et_pb_image][\/et_pb_column][et_pb_column type=&#8221;1_2&#8243; _builder_version=&#8221;4.25.0&#8243; _module_preset=&#8221;default&#8221; global_colors_info=&#8221;{}&#8221;][et_pb_image src=&#8221;https:\/\/rhinosupplier.com\/wp-content\/uploads\/2024\/05\/Miscelaneo-1.png&#8221; alt=&#8221;Miscel\u00e1neo&#8221; title_text=&#8221;Miscelaneo 1&#8243; align=&#8221;center&#8221; _builder_version=&#8221;4.25.0&#8243; _module_preset=&#8221;default&#8221; global_colors_info=&#8221;{}&#8221;][\/et_pb_image][\/et_pb_column][\/et_pb_row][\/et_pb_section][et_pb_section fb_built=&#8221;1&#8243; admin_label=&#8221;Footer&#8221; _builder_version=&#8221;4.22.0&#8243; _module_preset=&#8221;default&#8221; background_color=&#8221;#000000&#8243; saved_tabs=&#8221;all&#8221; collapsed=&#8221;on&#8221; global_colors_info=&#8221;{}&#8221;][et_pb_row _builder_version=&#8221;4.22.0&#8243; _module_preset=&#8221;default&#8221; global_colors_info=&#8221;{}&#8221;][et_pb_column type=&#8221;4_4&#8243; _builder_version=&#8221;4.22.0&#8243; _module_preset=&#8221;default&#8221; global_colors_info=&#8221;{}&#8221;][et_pb_text _builder_version=&#8221;4.25.1&#8243; _module_preset=&#8221;aba9ce84-98e5-4484-a8f2-84c6287b6f48&#8243; text_font=&#8221;Aboreto|300||||on|||&#8221; text_text_color=&#8221;#FDD947&#8243; text_font_size=&#8221;46px&#8221; text_letter_spacing=&#8221;31px&#8221; link_text_color=&#8221;gcid-a13652f3-2793-4cb6-9d99-526eb1549d6a&#8221; header_text_color=&#8221;#FDD947&#8243; header_5_text_color=&#8221;#FFFFFF&#8221; hover_enabled=&#8221;0&#8243; text_text_shadow_style=&#8221;preset1&#8243; global_colors_info=&#8221;{%22gcid-a13652f3-2793-4cb6-9d99-526eb1549d6a%22:%91%22link_text_color%22%93}&#8221; sticky_enabled=&#8221;0&#8243; content_last_edited=&#8221;on|phone&#8221; content_phone=&#8221;<\/p>\n<h4 style=%22text-align: center;%22>Miscel\u00e1neos<\/h4>\n<p>&#8221; text_letter_spacing_last_edited=&#8221;on|phone&#8221; text_letter_spacing_phone=&#8221;17px&#8221; content_tablet=&#8221;<\/p>\n<h1 style=%22text-align: center;%22>Miscel\u00e1neos<\/h1>\n<p>&#8221; text_letter_spacing_tablet=&#8221;31px&#8221;]<\/p>\n<h1 style=\"text-align: center;\">Miscel\u00e1neos<\/h1>\n<p>[\/et_pb_text][\/et_pb_column][\/et_pb_row][\/et_pb_section]<\/p>\n","protected":false},"excerpt":{"rendered":"<p>Miscel\u00e1neosAccesorios para soldarKits de cablePortaelectrodosPinzas de tierraConectores de cableZapatas para cableDomosHornos para electrodosHerramientas auxiliaresMarcadores para metalIndicadores de temperaturaProductos Anti-SalpicaduraQu\u00edmicosAntorchas arco-aire y carbonesOxicorte y gasEquipos para oxicorte y soldadura aut\u00f3gena Reguladores industriales Sopletes Boquillas de corte y limpia boquillas Boquillas para soldar y boquillas multiflamasM\u00e1quinas para corte Maquinas para oxicorte de tuber\u00eda Mangueras Oxi-Acetileno V\u00e1lvulas Check, [&hellip;]<\/p>\n","protected":false},"author":1,"featured_media":0,"parent":0,"menu_order":0,"comment_status":"closed","ping_status":"closed","template":"","meta":{"_et_pb_use_builder":"on","_et_pb_old_content":"","_et_gb_content_width":"","footnotes":""},"class_list":["post-328","page","type-page","status-publish","hentry"],"yoast_head":"<!-- This site is optimized with the Yoast SEO plugin v26.6 - https:\/\/yoast.com\/wordpress\/plugins\/seo\/ -->\n<title>Miscel\u00e1neos - RhinoSupplier<\/title>\n<meta name=\"robots\" content=\"index, follow, max-snippet:-1, max-image-preview:large, max-video-preview:-1\" \/>\n<link rel=\"canonical\" href=\"https:\/\/rhinosupplier.com\/index.php\/miscelaneos\/\" \/>\n<meta property=\"og:locale\" content=\"es_MX\" \/>\n<meta property=\"og:type\" content=\"article\" \/>\n<meta property=\"og:title\" content=\"Miscel\u00e1neos - RhinoSupplier\" \/>\n<meta property=\"og:description\" content=\"Miscel\u00e1neosAccesorios para soldarKits de cablePortaelectrodosPinzas de tierraConectores de cableZapatas para cableDomosHornos para electrodosHerramientas auxiliaresMarcadores para metalIndicadores de temperaturaProductos Anti-SalpicaduraQu\u00edmicosAntorchas arco-aire y carbonesOxicorte y gasEquipos para oxicorte y soldadura aut\u00f3gena Reguladores industriales Sopletes Boquillas de corte y limpia boquillas Boquillas para soldar y boquillas multiflamasM\u00e1quinas para corte Maquinas para oxicorte de tuber\u00eda Mangueras Oxi-Acetileno V\u00e1lvulas Check, [&hellip;]\" \/>\n<meta property=\"og:url\" content=\"https:\/\/rhinosupplier.com\/index.php\/miscelaneos\/\" \/>\n<meta property=\"og:site_name\" content=\"RhinoSupplier\" \/>\n<meta property=\"article:modified_time\" content=\"2024-05-17T02:10:09+00:00\" \/>\n<meta name=\"twitter:card\" content=\"summary_large_image\" \/>\n<meta name=\"twitter:label1\" content=\"Tiempo de lectura\" \/>\n\t<meta name=\"twitter:data1\" content=\"5 minutos\" \/>\n<script type=\"application\/ld+json\" class=\"yoast-schema-graph\">{\"@context\":\"https:\/\/schema.org\",\"@graph\":[{\"@type\":\"WebPage\",\"@id\":\"https:\/\/rhinosupplier.com\/index.php\/miscelaneos\/\",\"url\":\"https:\/\/rhinosupplier.com\/index.php\/miscelaneos\/\",\"name\":\"Miscel\u00e1neos - RhinoSupplier\",\"isPartOf\":{\"@id\":\"https:\/\/rhinosupplier.com\/#website\"},\"datePublished\":\"2024-03-19T00:29:13+00:00\",\"dateModified\":\"2024-05-17T02:10:09+00:00\",\"breadcrumb\":{\"@id\":\"https:\/\/rhinosupplier.com\/index.php\/miscelaneos\/#breadcrumb\"},\"inLanguage\":\"es\",\"potentialAction\":[{\"@type\":\"ReadAction\",\"target\":[\"https:\/\/rhinosupplier.com\/index.php\/miscelaneos\/\"]}]},{\"@type\":\"BreadcrumbList\",\"@id\":\"https:\/\/rhinosupplier.com\/index.php\/miscelaneos\/#breadcrumb\",\"itemListElement\":[{\"@type\":\"ListItem\",\"position\":1,\"name\":\"Inicio\",\"item\":\"https:\/\/rhinosupplier.com\/\"},{\"@type\":\"ListItem\",\"position\":2,\"name\":\"Miscel\u00e1neos\"}]},{\"@type\":\"WebSite\",\"@id\":\"https:\/\/rhinosupplier.com\/#website\",\"url\":\"https:\/\/rhinosupplier.com\/\",\"name\":\"RhinoSupplier\",\"description\":\"\",\"potentialAction\":[{\"@type\":\"SearchAction\",\"target\":{\"@type\":\"EntryPoint\",\"urlTemplate\":\"https:\/\/rhinosupplier.com\/?s={search_term_string}\"},\"query-input\":{\"@type\":\"PropertyValueSpecification\",\"valueRequired\":true,\"valueName\":\"search_term_string\"}}],\"inLanguage\":\"es\"}]}<\/script>\n<!-- \/ Yoast SEO plugin. -->","yoast_head_json":{"title":"Miscel\u00e1neos - RhinoSupplier","robots":{"index":"index","follow":"follow","max-snippet":"max-snippet:-1","max-image-preview":"max-image-preview:large","max-video-preview":"max-video-preview:-1"},"canonical":"https:\/\/rhinosupplier.com\/index.php\/miscelaneos\/","og_locale":"es_MX","og_type":"article","og_title":"Miscel\u00e1neos - RhinoSupplier","og_description":"Miscel\u00e1neosAccesorios para soldarKits de cablePortaelectrodosPinzas de tierraConectores de cableZapatas para cableDomosHornos para electrodosHerramientas auxiliaresMarcadores para metalIndicadores de temperaturaProductos Anti-SalpicaduraQu\u00edmicosAntorchas arco-aire y carbonesOxicorte y gasEquipos para oxicorte y soldadura aut\u00f3gena Reguladores industriales Sopletes Boquillas de corte y limpia boquillas Boquillas para soldar y boquillas multiflamasM\u00e1quinas para corte Maquinas para oxicorte de tuber\u00eda Mangueras Oxi-Acetileno V\u00e1lvulas Check, [&hellip;]","og_url":"https:\/\/rhinosupplier.com\/index.php\/miscelaneos\/","og_site_name":"RhinoSupplier","article_modified_time":"2024-05-17T02:10:09+00:00","twitter_card":"summary_large_image","twitter_misc":{"Tiempo de lectura":"5 minutos"},"schema":{"@context":"https:\/\/schema.org","@graph":[{"@type":"WebPage","@id":"https:\/\/rhinosupplier.com\/index.php\/miscelaneos\/","url":"https:\/\/rhinosupplier.com\/index.php\/miscelaneos\/","name":"Miscel\u00e1neos - RhinoSupplier","isPartOf":{"@id":"https:\/\/rhinosupplier.com\/#website"},"datePublished":"2024-03-19T00:29:13+00:00","dateModified":"2024-05-17T02:10:09+00:00","breadcrumb":{"@id":"https:\/\/rhinosupplier.com\/index.php\/miscelaneos\/#breadcrumb"},"inLanguage":"es","potentialAction":[{"@type":"ReadAction","target":["https:\/\/rhinosupplier.com\/index.php\/miscelaneos\/"]}]},{"@type":"BreadcrumbList","@id":"https:\/\/rhinosupplier.com\/index.php\/miscelaneos\/#breadcrumb","itemListElement":[{"@type":"ListItem","position":1,"name":"Inicio","item":"https:\/\/rhinosupplier.com\/"},{"@type":"ListItem","position":2,"name":"Miscel\u00e1neos"}]},{"@type":"WebSite","@id":"https:\/\/rhinosupplier.com\/#website","url":"https:\/\/rhinosupplier.com\/","name":"RhinoSupplier","description":"","potentialAction":[{"@type":"SearchAction","target":{"@type":"EntryPoint","urlTemplate":"https:\/\/rhinosupplier.com\/?s={search_term_string}"},"query-input":{"@type":"PropertyValueSpecification","valueRequired":true,"valueName":"search_term_string"}}],"inLanguage":"es"}]}},"_links":{"self":[{"href":"https:\/\/rhinosupplier.com\/index.php\/wp-json\/wp\/v2\/pages\/328","targetHints":{"allow":["GET"]}}],"collection":[{"href":"https:\/\/rhinosupplier.com\/index.php\/wp-json\/wp\/v2\/pages"}],"about":[{"href":"https:\/\/rhinosupplier.com\/index.php\/wp-json\/wp\/v2\/types\/page"}],"author":[{"embeddable":true,"href":"https:\/\/rhinosupplier.com\/index.php\/wp-json\/wp\/v2\/users\/1"}],"replies":[{"embeddable":true,"href":"https:\/\/rhinosupplier.com\/index.php\/wp-json\/wp\/v2\/comments?post=328"}],"version-history":[{"count":12,"href":"https:\/\/rhinosupplier.com\/index.php\/wp-json\/wp\/v2\/pages\/328\/revisions"}],"predecessor-version":[{"id":753,"href":"https:\/\/rhinosupplier.com\/index.php\/wp-json\/wp\/v2\/pages\/328\/revisions\/753"}],"wp:attachment":[{"href":"https:\/\/rhinosupplier.com\/index.php\/wp-json\/wp\/v2\/media?parent=328"}],"curies":[{"name":"wp","href":"https:\/\/api.w.org\/{rel}","templated":true}]}}