{"id":322,"date":"2024-03-19T00:24:49","date_gmt":"2024-03-19T00:24:49","guid":{"rendered":"http:\/\/rhinosupplier.com\/?page_id=322"},"modified":"2024-05-06T16:50:47","modified_gmt":"2024-05-06T16:50:47","slug":"accesorios","status":"publish","type":"page","link":"https:\/\/rhinosupplier.com\/index.php\/accesorios\/","title":{"rendered":"Accesorios y consumibles"},"content":{"rendered":"<p>[et_pb_section fb_built=&#8221;1&#8243; admin_label=&#8221;Author&#8221; _builder_version=&#8221;4.22.0&#8243; _module_preset=&#8221;default&#8221; background_color=&#8221;gcid-fc7b31e8-94d8-4560-b647-c33fa43cc805&#8243; width_tablet=&#8221;80%&#8221; width_phone=&#8221;80%&#8221; width_last_edited=&#8221;on|tablet&#8221; custom_margin=&#8221;30px|30px|30px|30px|true|true&#8221; module_alignment_tablet=&#8221;center&#8221; module_alignment_phone=&#8221;center&#8221; module_alignment_last_edited=&#8221;on|desktop&#8221; border_radii=&#8221;on|10px|10px|10px|10px&#8221; locked=&#8221;off&#8221; collapsed=&#8221;on&#8221; global_colors_info=&#8221;{%22gcid-fc7b31e8-94d8-4560-b647-c33fa43cc805%22:%91%22background_color%22%93}&#8221;][et_pb_row _builder_version=&#8221;4.22.0&#8243; _module_preset=&#8221;default&#8221; global_colors_info=&#8221;{}&#8221;][et_pb_column type=&#8221;4_4&#8243; _builder_version=&#8221;4.22.0&#8243; _module_preset=&#8221;default&#8221; global_colors_info=&#8221;{}&#8221;][et_pb_text _builder_version=&#8221;4.22.0&#8243; _module_preset=&#8221;e70dd392-d97f-4700-a907-43f39a81f14b&#8221; text_orientation=&#8221;center&#8221; custom_margin=&#8221;||10px||false|false&#8221; global_colors_info=&#8221;{}&#8221;]<\/p>\n<h2>Accesorios y Consumibles<\/h2>\n<p>[\/et_pb_text][\/et_pb_column][\/et_pb_row][et_pb_row _builder_version=&#8221;4.25.0&#8243; _module_preset=&#8221;default&#8221; column_structure=&#8221;3_5,2_5&#8243; background_color=&#8221;#FFFFFF&#8221; hover_enabled=&#8221;0&#8243; sticky_enabled=&#8221;0&#8243;][et_pb_column _builder_version=&#8221;4.25.0&#8243; _module_preset=&#8221;default&#8221; type=&#8221;3_5&#8243;][et_pb_text _builder_version=&#8221;4.25.0&#8243; _module_preset=&#8221;default&#8221; hover_enabled=&#8221;0&#8243; sticky_enabled=&#8221;0&#8243;]<\/p>\n<h1 style=\"box-sizing: border-box; margin: 0px; padding: 0px 0px 10px; border: 0px; outline: 0px; font-size: 30px; text-size-adjust: 100%; vertical-align: baseline; background: #ffffff; color: #333333; line-height: 1em; font-weight: 500; font-family: 'Open Sans', Arial, sans-serif; font-style: normal; font-variant-ligatures: normal; font-variant-caps: normal; letter-spacing: normal; orphans: 2; text-align: left; text-indent: 0px; text-transform: none; widows: 2; word-spacing: 0px; -webkit-text-stroke-width: 0px; white-space: normal; text-decoration-thickness: initial; text-decoration-style: initial; text-decoration-color: initial;\">Consumibles Soldadura<\/h1>\n<p style=\"box-sizing: border-box; margin: 0px; padding: 0px 0px 1em; border: 0px; outline: 0px; font-size: 14px; text-size-adjust: 100%; vertical-align: baseline; background: #ffffff; color: #666666; font-family: 'Open Sans', Arial, sans-serif; font-style: normal; font-variant-ligatures: normal; font-variant-caps: normal; font-weight: 500; letter-spacing: normal; orphans: 2; text-indent: 0px; text-transform: none; widows: 2; word-spacing: 0px; -webkit-text-stroke-width: 0px; white-space: normal; text-decoration-thickness: initial; text-decoration-style: initial; text-decoration-color: initial; text-align: justify;\">Disponemos de la m\u00e1s amplia gama de consumibles para la soldadura:<\/p>\n<p style=\"box-sizing: border-box; margin: 0px; padding: 0px 0px 1em; border: 0px; outline: 0px; font-size: 14px; text-size-adjust: 100%; vertical-align: baseline; background: #ffffff; color: #666666; font-family: 'Open Sans', Arial, sans-serif; font-style: normal; font-variant-ligatures: normal; font-variant-caps: normal; font-weight: 500; letter-spacing: normal; orphans: 2; text-indent: 0px; text-transform: none; widows: 2; word-spacing: 0px; -webkit-text-stroke-width: 0px; white-space: normal; text-decoration-thickness: initial; text-decoration-style: initial; text-decoration-color: initial; text-align: justify;\">Electrodos. De acero suave y baja aleaci\u00f3n. Celul\u00f3sicos, rutilos, y de bajo contenido en hidr\u00f3geno<\/p>\n<p style=\"box-sizing: border-box; margin: 0px; padding: 0px 0px 1em; border: 0px; outline: 0px; font-size: 14px; text-size-adjust: 100%; vertical-align: baseline; background: #ffffff; color: #666666; font-family: 'Open Sans', Arial, sans-serif; font-style: normal; font-variant-ligatures: normal; font-variant-caps: normal; font-weight: 500; letter-spacing: normal; orphans: 2; text-indent: 0px; text-transform: none; widows: 2; word-spacing: 0px; -webkit-text-stroke-width: 0px; white-space: normal; text-decoration-thickness: initial; text-decoration-style: initial; text-decoration-color: initial; text-align: justify;\">Varillas TIG. Gama de varillas dise\u00f1adas para proporcionar una apariencia de cord\u00f3n \u00f3ptima con soldadura TIG en una variedad de grados del acero<\/p>\n<p style=\"box-sizing: border-box; margin: 0px; padding: 0px; border: 0px; outline: 0px; font-size: 14px; text-size-adjust: 100%; vertical-align: baseline; background: #ffffff; color: #666666; font-family: 'Open Sans', Arial, sans-serif; font-style: normal; font-variant-ligatures: normal; font-variant-caps: normal; font-weight: 500; letter-spacing: normal; orphans: 2; text-indent: 0px; text-transform: none; widows: 2; word-spacing: 0px; -webkit-text-stroke-width: 0px; white-space: normal; text-decoration-thickness: initial; text-decoration-style: initial; text-decoration-color: initial; text-align: justify;\">Arco sumergido. Una variedad de fluxes e hilos dise\u00f1ados para ser utilizados juntos y proporcionar unas excelentes caracter\u00edsticas de soldadura. M\u00e1s de 150 combinaciones disponibles para soldadura simple y multipasada en aplicaciones autom\u00e1ticas y semiautom\u00e1ticas<\/p>\n<p>[\/et_pb_text][\/et_pb_column][et_pb_column _builder_version=&#8221;4.25.0&#8243; _module_preset=&#8221;default&#8221; type=&#8221;2_5&#8243;][et_pb_image src=&#8221;https:\/\/rhinosupplier.com\/wp-content\/uploads\/2024\/05\/accesorios-1.png&#8221; _builder_version=&#8221;4.25.0&#8243; _module_preset=&#8221;default&#8221; alt=&#8221;accesorios &#8221; title_text=&#8221;accesorios 1&#8243; hover_enabled=&#8221;0&#8243; sticky_enabled=&#8221;0&#8243; align=&#8221;center&#8221;][\/et_pb_image][\/et_pb_column][\/et_pb_row][\/et_pb_section][et_pb_section fb_built=&#8221;1&#8243; theme_builder_area=&#8221;post_content&#8221; _builder_version=&#8221;4.25.0&#8243; _module_preset=&#8221;default&#8221; custom_margin=&#8221;-2px|||||&#8221;][et_pb_row _builder_version=&#8221;4.25.0&#8243; _module_preset=&#8221;default&#8221; theme_builder_area=&#8221;post_content&#8221;][et_pb_column _builder_version=&#8221;4.25.0&#8243; _module_preset=&#8221;default&#8221; type=&#8221;4_4&#8243; theme_builder_area=&#8221;post_content&#8221;][et_pb_image src=&#8221;https:\/\/rhinosupplier.com\/wp-content\/uploads\/2024\/05\/accesorios-2.png&#8221; _builder_version=&#8221;4.25.0&#8243; _module_preset=&#8221;default&#8221; theme_builder_area=&#8221;post_content&#8221; alt=&#8221;Accesorios&#8221; title_text=&#8221;Accesorios 2&#8243; align=&#8221;center&#8221; hover_enabled=&#8221;0&#8243; sticky_enabled=&#8221;0&#8243;][\/et_pb_image][\/et_pb_column][\/et_pb_row][\/et_pb_section][et_pb_section fb_built=&#8221;1&#8243; _builder_version=&#8221;4.24.3&#8243; _module_preset=&#8221;default&#8221; background_color=&#8221;#D5D5D3&#8243; background_image=&#8221;https:\/\/rhinosupplier.com\/wp-content\/uploads\/2024\/03\/career-coach-3.png&#8221; global_colors_info=&#8221;{}&#8221;][et_pb_row column_structure=&#8221;1_3,1_3,1_3&#8243; _builder_version=&#8221;4.24.2&#8243; _module_preset=&#8221;default&#8221; global_colors_info=&#8221;{}&#8221;][et_pb_column type=&#8221;1_3&#8243; _builder_version=&#8221;4.24.2&#8243; _module_preset=&#8221;default&#8221; global_colors_info=&#8221;{}&#8221;][et_pb_text _builder_version=&#8221;4.24.2&#8243; _module_preset=&#8221;default&#8221; global_colors_info=&#8221;{}&#8221;]<\/p>\n<h2>Consumibles de Arco aire<\/h2>\n<p>Carbones cobrizados<\/p>\n<h2>Consumibles Mig<\/h2>\n<p>Anillos aislantes<\/p>\n<p>Difusores<\/p>\n<p>Guias<\/p>\n<p>Piezas de sujeci\u00f3n<\/p>\n<p>Puntas de contacto<\/p>\n<p>Rodillos<\/p>\n<p>Toberas<\/p>\n<p>&nbsp;<\/p>\n<p>[\/et_pb_text][\/et_pb_column][et_pb_column type=&#8221;1_3&#8243; _builder_version=&#8221;4.24.2&#8243; _module_preset=&#8221;default&#8221; global_colors_info=&#8221;{}&#8221;][et_pb_text _builder_version=&#8221;4.24.2&#8243; _module_preset=&#8221;default&#8221; global_colors_info=&#8221;{}&#8221;]<\/p>\n<h2>Consumibles oxicorte<\/h2>\n<p>Arrestaflamas<\/p>\n<p>Boquillas de oxicorte<\/p>\n<p>V\u00e1lvulas check<\/p>\n<h2>Consumibles de corte plasma<\/h2>\n<p>Anillos distribuidor<\/p>\n<p>Boquillas<\/p>\n<p>Capuchones de retenci\u00f3n<\/p>\n<p>Electrodos<\/p>\n<p>Escudos<\/p>\n<p>&nbsp;<\/p>\n<p>[\/et_pb_text][\/et_pb_column][et_pb_column type=&#8221;1_3&#8243; _builder_version=&#8221;4.24.2&#8243; _module_preset=&#8221;default&#8221; global_colors_info=&#8221;{}&#8221;][et_pb_text _builder_version=&#8221;4.24.2&#8243; _module_preset=&#8221;default&#8221; global_colors_info=&#8221;{}&#8221;]<\/p>\n<h2>Consumibles Tig<\/h2>\n<p>Boquillas al\u00famina<\/p>\n<p>Cabezas<\/p>\n<p>Capuchas<\/p>\n<p>Gas lens<\/p>\n<p>Mordazas y portamordazas<\/p>\n<p>Tungstenos<\/p>\n<p>[\/et_pb_text][\/et_pb_column][\/et_pb_row][\/et_pb_section][et_pb_section fb_built=&#8221;1&#8243; _builder_version=&#8221;4.25.0&#8243; _module_preset=&#8221;default&#8221; background_color=&#8221;#FFFFFF&#8221; global_colors_info=&#8221;{}&#8221;][et_pb_row column_structure=&#8221;1_3,1_3,1_3&#8243; _builder_version=&#8221;4.25.0&#8243; _module_preset=&#8221;default&#8221; global_colors_info=&#8221;{}&#8221;][et_pb_column type=&#8221;1_3&#8243; _builder_version=&#8221;4.25.0&#8243; _module_preset=&#8221;default&#8221; global_colors_info=&#8221;{}&#8221;][et_pb_text _builder_version=&#8221;4.25.0&#8243; _module_preset=&#8221;default&#8221; global_colors_info=&#8221;{}&#8221;]<\/p>\n<h3>Electrodos Revestidos<\/h3>\n<p>Para soldadura de aceros dulces y de baja aleaci\u00f3n. Hay varios tipos de revestimiento disponibles para una amplia gama de aplicaciones.<\/p>\n<h3>Alambres para MIG y varillas para TIG<\/h3>\n<p>Metales fabricados con acero de la m\u00e1s alta calidad para maximizar la consistencia, capacidad de alimentaci\u00f3n y el rendimiento del arco.<\/p>\n<h3>Tubulares con protecci\u00f3n gaseosa<\/h3>\n<p>Dise\u00f1ados para usarse con CO2 o mezclas de arg\u00f3n, nuestros tubulares con protecci\u00f3n gaseosa, brindan un desempe\u00f1o del arco el\u00e9ctrico muy superior.<\/p>\n<h3>Tubulares autoprotegidos<\/h3>\n<p>Lleva la productividad de aplicaciones de soldadura al aire libre, sin necesidad de gas protector.<\/p>\n<p>[\/et_pb_text][\/et_pb_column][et_pb_column type=&#8221;1_3&#8243; _builder_version=&#8221;4.25.0&#8243; _module_preset=&#8221;default&#8221; global_colors_info=&#8221;{}&#8221;][et_pb_text _builder_version=&#8221;4.25.0&#8243; _module_preset=&#8221;default&#8221; global_colors_info=&#8221;{}&#8221;]<\/p>\n<h3>Aluminio MIG y TIG<\/h3>\n<p style=\"text-align: justify;\">Productos de soldadura MIG y TIG elaborados con aluminio de alta calidad con tolerancia estrictas en la composici\u00f3n qu\u00edmica.<\/p>\n<p>[\/et_pb_text][et_pb_text _builder_version=&#8221;4.25.0&#8243; _module_preset=&#8221;default&#8221; global_colors_info=&#8221;{}&#8221;]<\/p>\n<h3>Recubrimientos duros<\/h3>\n<p style=\"text-align: justify;\">Materiales de aporte utilizados restaurar piezas desgastadas o agregar una capa protectora a las superficies de acero al carbono.<\/p>\n<p>[\/et_pb_text][et_pb_text _builder_version=&#8221;4.25.0&#8243; _module_preset=&#8221;default&#8221; global_colors_info=&#8221;{}&#8221;]<\/p>\n<h3>Aleaci\u00f3n de n\u00edquel<\/h3>\n<p style=\"text-align: justify;\">Productos que cumplen con las estrictas especificaciones para aplicaciones donde puede existir, corrosi\u00f3n y altas temperaturas.<\/p>\n<p>[\/et_pb_text][et_pb_text _builder_version=&#8221;4.25.0&#8243; _module_preset=&#8221;default&#8221; global_colors_info=&#8221;{}&#8221;]<\/p>\n<h3>Aceros inoxidables<\/h3>\n<p style=\"text-align: justify;\">Productos que cumplen con los requisitos de servicio de los materiales base sometidos a condiciones tales como corrosi\u00f3n y temperaturas elevadas.<\/p>\n<p>[\/et_pb_text][\/et_pb_column][et_pb_column type=&#8221;1_3&#8243; _builder_version=&#8221;4.25.0&#8243; _module_preset=&#8221;default&#8221; global_colors_info=&#8221;{}&#8221;][et_pb_text _builder_version=&#8221;4.25.0&#8243; _module_preset=&#8221;default&#8221; global_colors_info=&#8221;{}&#8221;]<\/p>\n<h3>Arco sumergido<\/h3>\n<p style=\"text-align: justify;\">Combinaciones de fundentes y alambres para soldaduras de una o m\u00faltiples pasadas en aplicaciones autom\u00e1ticas y semiautom\u00e1ticas.<\/p>\n<p>[\/et_pb_text][et_pb_text _builder_version=&#8221;4.25.0&#8243; _module_preset=&#8221;default&#8221; global_colors_info=&#8221;{}&#8221;]<\/p>\n<h3>Alambre con n\u00facleo met\u00e1lico (Metal-Cored)<\/h3>\n<p style=\"text-align: justify;\">Alambres con n\u00facleo de fundente y s\u00f3lidos para altas tasas de dep\u00f3sito que tienen habilidades para soldar sobre superficies ligeramente contaminadas.<\/p>\n<p>[\/et_pb_text][et_pb_text _builder_version=&#8221;4.25.0&#8243; _module_preset=&#8221;default&#8221; global_colors_info=&#8221;{}&#8221;]<\/p>\n<h3>Metrode<\/h3>\n<p style=\"text-align: justify;\">Los productos Metrode cumplen con las estrictas especificaciones para las industrias de: plataformas marinas, generaci\u00f3n de energ\u00eda, petroqu\u00edmicas y nuclear.<\/p>\n<p>[\/et_pb_text][et_pb_text _builder_version=&#8221;4.25.0&#8243; _module_preset=&#8221;default&#8221; global_colors_info=&#8221;{}&#8221;]<\/p>\n<h3>Chrome-Moly Alloys<\/h3>\n<p style=\"text-align: justify;\">Chrome-Moly Alloy products meet the stringent specs for the offshore, power gen, petrochemical and nuclear industries.<\/p>\n<p>[\/et_pb_text][\/et_pb_column][\/et_pb_row][\/et_pb_section]<\/p>\n","protected":false},"excerpt":{"rendered":"<p>Accesorios y ConsumiblesConsumibles Soldadura Disponemos de la m\u00e1s amplia gama de consumibles para la soldadura: Electrodos. De acero suave y baja aleaci\u00f3n. Celul\u00f3sicos, rutilos, y de bajo contenido en hidr\u00f3geno Varillas TIG. Gama de varillas dise\u00f1adas para proporcionar una apariencia de cord\u00f3n \u00f3ptima con soldadura TIG en una variedad de grados del acero Arco sumergido. [&hellip;]<\/p>\n","protected":false},"author":1,"featured_media":0,"parent":0,"menu_order":0,"comment_status":"closed","ping_status":"closed","template":"","meta":{"_et_pb_use_builder":"on","_et_pb_old_content":"","_et_gb_content_width":"","footnotes":""},"class_list":["post-322","page","type-page","status-publish","hentry"],"yoast_head":"<!-- This site is optimized with the Yoast SEO plugin v26.6 - https:\/\/yoast.com\/wordpress\/plugins\/seo\/ -->\n<title>Accesorios y consumibles - RhinoSupplier<\/title>\n<meta name=\"robots\" content=\"index, follow, max-snippet:-1, max-image-preview:large, max-video-preview:-1\" \/>\n<link rel=\"canonical\" href=\"https:\/\/rhinosupplier.com\/index.php\/accesorios\/\" \/>\n<meta property=\"og:locale\" content=\"es_MX\" \/>\n<meta property=\"og:type\" content=\"article\" \/>\n<meta property=\"og:title\" content=\"Accesorios y consumibles - RhinoSupplier\" \/>\n<meta property=\"og:description\" content=\"Accesorios y ConsumiblesConsumibles Soldadura Disponemos de la m\u00e1s amplia gama de consumibles para la soldadura: Electrodos. De acero suave y baja aleaci\u00f3n. Celul\u00f3sicos, rutilos, y de bajo contenido en hidr\u00f3geno Varillas TIG. Gama de varillas dise\u00f1adas para proporcionar una apariencia de cord\u00f3n \u00f3ptima con soldadura TIG en una variedad de grados del acero Arco sumergido. [&hellip;]\" \/>\n<meta property=\"og:url\" content=\"https:\/\/rhinosupplier.com\/index.php\/accesorios\/\" \/>\n<meta property=\"og:site_name\" content=\"RhinoSupplier\" \/>\n<meta property=\"article:modified_time\" content=\"2024-05-06T16:50:47+00:00\" \/>\n<meta name=\"twitter:card\" content=\"summary_large_image\" \/>\n<meta name=\"twitter:label1\" content=\"Tiempo de lectura\" \/>\n\t<meta name=\"twitter:data1\" content=\"6 minutos\" \/>\n<script type=\"application\/ld+json\" class=\"yoast-schema-graph\">{\"@context\":\"https:\/\/schema.org\",\"@graph\":[{\"@type\":\"WebPage\",\"@id\":\"https:\/\/rhinosupplier.com\/index.php\/accesorios\/\",\"url\":\"https:\/\/rhinosupplier.com\/index.php\/accesorios\/\",\"name\":\"Accesorios y consumibles - RhinoSupplier\",\"isPartOf\":{\"@id\":\"https:\/\/rhinosupplier.com\/#website\"},\"datePublished\":\"2024-03-19T00:24:49+00:00\",\"dateModified\":\"2024-05-06T16:50:47+00:00\",\"breadcrumb\":{\"@id\":\"https:\/\/rhinosupplier.com\/index.php\/accesorios\/#breadcrumb\"},\"inLanguage\":\"es\",\"potentialAction\":[{\"@type\":\"ReadAction\",\"target\":[\"https:\/\/rhinosupplier.com\/index.php\/accesorios\/\"]}]},{\"@type\":\"BreadcrumbList\",\"@id\":\"https:\/\/rhinosupplier.com\/index.php\/accesorios\/#breadcrumb\",\"itemListElement\":[{\"@type\":\"ListItem\",\"position\":1,\"name\":\"Inicio\",\"item\":\"https:\/\/rhinosupplier.com\/\"},{\"@type\":\"ListItem\",\"position\":2,\"name\":\"Accesorios y consumibles\"}]},{\"@type\":\"WebSite\",\"@id\":\"https:\/\/rhinosupplier.com\/#website\",\"url\":\"https:\/\/rhinosupplier.com\/\",\"name\":\"RhinoSupplier\",\"description\":\"\",\"potentialAction\":[{\"@type\":\"SearchAction\",\"target\":{\"@type\":\"EntryPoint\",\"urlTemplate\":\"https:\/\/rhinosupplier.com\/?s={search_term_string}\"},\"query-input\":{\"@type\":\"PropertyValueSpecification\",\"valueRequired\":true,\"valueName\":\"search_term_string\"}}],\"inLanguage\":\"es\"}]}<\/script>\n<!-- \/ Yoast SEO plugin. -->","yoast_head_json":{"title":"Accesorios y consumibles - RhinoSupplier","robots":{"index":"index","follow":"follow","max-snippet":"max-snippet:-1","max-image-preview":"max-image-preview:large","max-video-preview":"max-video-preview:-1"},"canonical":"https:\/\/rhinosupplier.com\/index.php\/accesorios\/","og_locale":"es_MX","og_type":"article","og_title":"Accesorios y consumibles - RhinoSupplier","og_description":"Accesorios y ConsumiblesConsumibles Soldadura Disponemos de la m\u00e1s amplia gama de consumibles para la soldadura: Electrodos. De acero suave y baja aleaci\u00f3n. Celul\u00f3sicos, rutilos, y de bajo contenido en hidr\u00f3geno Varillas TIG. Gama de varillas dise\u00f1adas para proporcionar una apariencia de cord\u00f3n \u00f3ptima con soldadura TIG en una variedad de grados del acero Arco sumergido. [&hellip;]","og_url":"https:\/\/rhinosupplier.com\/index.php\/accesorios\/","og_site_name":"RhinoSupplier","article_modified_time":"2024-05-06T16:50:47+00:00","twitter_card":"summary_large_image","twitter_misc":{"Tiempo de lectura":"6 minutos"},"schema":{"@context":"https:\/\/schema.org","@graph":[{"@type":"WebPage","@id":"https:\/\/rhinosupplier.com\/index.php\/accesorios\/","url":"https:\/\/rhinosupplier.com\/index.php\/accesorios\/","name":"Accesorios y consumibles - RhinoSupplier","isPartOf":{"@id":"https:\/\/rhinosupplier.com\/#website"},"datePublished":"2024-03-19T00:24:49+00:00","dateModified":"2024-05-06T16:50:47+00:00","breadcrumb":{"@id":"https:\/\/rhinosupplier.com\/index.php\/accesorios\/#breadcrumb"},"inLanguage":"es","potentialAction":[{"@type":"ReadAction","target":["https:\/\/rhinosupplier.com\/index.php\/accesorios\/"]}]},{"@type":"BreadcrumbList","@id":"https:\/\/rhinosupplier.com\/index.php\/accesorios\/#breadcrumb","itemListElement":[{"@type":"ListItem","position":1,"name":"Inicio","item":"https:\/\/rhinosupplier.com\/"},{"@type":"ListItem","position":2,"name":"Accesorios y consumibles"}]},{"@type":"WebSite","@id":"https:\/\/rhinosupplier.com\/#website","url":"https:\/\/rhinosupplier.com\/","name":"RhinoSupplier","description":"","potentialAction":[{"@type":"SearchAction","target":{"@type":"EntryPoint","urlTemplate":"https:\/\/rhinosupplier.com\/?s={search_term_string}"},"query-input":{"@type":"PropertyValueSpecification","valueRequired":true,"valueName":"search_term_string"}}],"inLanguage":"es"}]}},"_links":{"self":[{"href":"https:\/\/rhinosupplier.com\/index.php\/wp-json\/wp\/v2\/pages\/322","targetHints":{"allow":["GET"]}}],"collection":[{"href":"https:\/\/rhinosupplier.com\/index.php\/wp-json\/wp\/v2\/pages"}],"about":[{"href":"https:\/\/rhinosupplier.com\/index.php\/wp-json\/wp\/v2\/types\/page"}],"author":[{"embeddable":true,"href":"https:\/\/rhinosupplier.com\/index.php\/wp-json\/wp\/v2\/users\/1"}],"replies":[{"embeddable":true,"href":"https:\/\/rhinosupplier.com\/index.php\/wp-json\/wp\/v2\/comments?post=322"}],"version-history":[{"count":11,"href":"https:\/\/rhinosupplier.com\/index.php\/wp-json\/wp\/v2\/pages\/322\/revisions"}],"predecessor-version":[{"id":683,"href":"https:\/\/rhinosupplier.com\/index.php\/wp-json\/wp\/v2\/pages\/322\/revisions\/683"}],"wp:attachment":[{"href":"https:\/\/rhinosupplier.com\/index.php\/wp-json\/wp\/v2\/media?parent=322"}],"curies":[{"name":"wp","href":"https:\/\/api.w.org\/{rel}","templated":true}]}}