{"id":189,"date":"2024-03-09T19:51:03","date_gmt":"2024-03-09T19:51:03","guid":{"rendered":"http:\/\/rhinosupplier.com\/?page_id=189"},"modified":"2024-05-16T19:53:18","modified_gmt":"2024-05-17T01:53:18","slug":"servicio-tecnico","status":"publish","type":"page","link":"https:\/\/rhinosupplier.com\/index.php\/servicio-tecnico\/","title":{"rendered":"Servicio T\u00e9cnico"},"content":{"rendered":"<p>[et_pb_section fb_built=&#8221;1&#8243; admin_label=&#8221;Feature&#8221; _builder_version=&#8221;4.22.0&#8243; _module_preset=&#8221;default&#8221; collapsed=&#8221;on&#8221; global_colors_info=&#8221;{}&#8221;][et_pb_row column_structure=&#8221;1_2,1_2&#8243; make_equal=&#8221;on&#8221; _builder_version=&#8221;4.24.3&#8243; _module_preset=&#8221;default&#8221; global_colors_info=&#8221;{}&#8221;][et_pb_column type=&#8221;1_2&#8243; _builder_version=&#8221;4.22.0&#8243; _module_preset=&#8221;default&#8221; global_colors_info=&#8221;{}&#8221;][et_pb_text _builder_version=&#8221;4.24.2&#8243; _module_preset=&#8221;a1973a1c-e176-4cbc-8146-b37e6f0725bb&#8221; custom_margin=&#8221;||10px||false|false&#8221; global_colors_info=&#8221;{}&#8221;]<\/p>\n<h2>Servicio T\u00e9cnico<\/h2>\n<p>[\/et_pb_text][et_pb_text _builder_version=&#8221;4.24.2&#8243; _module_preset=&#8221;c59119fa-324f-4392-85d7-eeb5bc3557e8&#8243; global_colors_info=&#8221;{}&#8221;]<\/p>\n<p><strong>Consulte con nuestro equipo t\u00e9cnico\u00a0<\/strong><\/p>\n<p style=\"text-align: justify;\"><span data-contrast=\"auto\">Contamos con un equipo altamente calificado para dar soporte en los temas de diagn\u00f3stico, reparaciones, programaci\u00f3n adecuada de mantenimientos de los equipos de las marcas que comercializamos.<\/span><span data-ccp-props=\"{&quot;201341983&quot;:0,&quot;335551550&quot;:6,&quot;335551620&quot;:6,&quot;335559739&quot;:160,&quot;335559740&quot;:259}\">\u00a0<\/span><\/p>\n<p>Manejamos una propuesta comercial integral de negocios<\/p>\n<p>Parte de nuestros servicios son:<\/p>\n<ul>\n<li>Servicio de reparaci\u00f3n, mantenimiento preventivo y correctivo, calibraci\u00f3n y reacondicionamiento de equipos.<\/li>\n<li>Asesor\u00eda t\u00e9cnica sin costo para procesos de mecanizaci\u00f3n y automatizaci\u00f3n en soldadura y corte.<\/li>\n<li>Diagnostico sin costo siempre y cuando la reparaci\u00f3n se haga con nosotros<\/li>\n<li>Servicio de afinaci\u00f3n y cambio de aceite a generadores.<\/li>\n<li>Reparaci\u00f3n de m\u00e1quinas de soldar (transformadores \/ inversores), generadores, m\u00e1quinas de corte con plasma, alimentadores<\/li>\n<li>Calibraci\u00f3n de equipos.<\/li>\n<li>Reparaci\u00f3n de antorchas Mig \/ Tig \/ Corte con Plasma.<\/li>\n<li>Asesor\u00eda para reemplazo de equipos.<\/li>\n<\/ul>\n<p>[\/et_pb_text][et_pb_image src=&#8221;https:\/\/rhinosupplier.com\/wp-content\/uploads\/2024\/03\/ServicioTecnico-2.jpg&#8221; alt=&#8221;Servicio T\u00e9cnico 2&#8243; title_text=&#8221;Servicio T\u00e9cnico 2&#8243; _builder_version=&#8221;4.25.1&#8243; _module_preset=&#8221;default&#8221; width=&#8221;50%&#8221; hover_enabled=&#8221;0&#8243; border_radii=&#8221;on|10px|10px|10px|10px&#8221; global_colors_info=&#8221;{}&#8221; align=&#8221;center&#8221; sticky_enabled=&#8221;0&#8243;][\/et_pb_image][\/et_pb_column][et_pb_column type=&#8221;1_2&#8243; _builder_version=&#8221;4.24.3&#8243; _module_preset=&#8221;default&#8221; custom_css_main_element=&#8221;margin: auto;&#8221; global_colors_info=&#8221;{}&#8221;][et_pb_image src=&#8221;https:\/\/rhinosupplier.com\/wp-content\/uploads\/2024\/04\/PNG-fondo-blanco-2.png&#8221; alt=&#8221;Soporte T\u00e9cnico&#8221; title_text=&#8221;PNG fondo blanco (2)&#8221; _builder_version=&#8221;4.24.3&#8243; _module_preset=&#8221;default&#8221; border_radii=&#8221;on|10px|10px|10px|10px&#8221; global_colors_info=&#8221;{}&#8221;][\/et_pb_image][\/et_pb_column][\/et_pb_row][\/et_pb_section]<\/p>\n","protected":false},"excerpt":{"rendered":"<p>Servicio T\u00e9cnicoConsulte con nuestro equipo t\u00e9cnico\u00a0 Contamos con un equipo altamente calificado para dar soporte en los temas de diagn\u00f3stico, reparaciones, programaci\u00f3n adecuada de mantenimientos de los equipos de las marcas que comercializamos.\u00a0 Manejamos una propuesta comercial integral de negocios Parte de nuestros servicios son: Servicio de reparaci\u00f3n, mantenimiento preventivo y correctivo, calibraci\u00f3n y reacondicionamiento [&hellip;]<\/p>\n","protected":false},"author":1,"featured_media":0,"parent":0,"menu_order":0,"comment_status":"closed","ping_status":"closed","template":"","meta":{"_et_pb_use_builder":"on","_et_pb_old_content":"","_et_gb_content_width":"","footnotes":""},"class_list":["post-189","page","type-page","status-publish","hentry"],"yoast_head":"<!-- This site is optimized with the Yoast SEO plugin v26.6 - https:\/\/yoast.com\/wordpress\/plugins\/seo\/ -->\n<title>Servicio T\u00e9cnico - RhinoSupplier<\/title>\n<meta name=\"robots\" content=\"index, follow, max-snippet:-1, max-image-preview:large, max-video-preview:-1\" \/>\n<link rel=\"canonical\" href=\"https:\/\/rhinosupplier.com\/index.php\/servicio-tecnico\/\" \/>\n<meta property=\"og:locale\" content=\"es_MX\" \/>\n<meta property=\"og:type\" content=\"article\" \/>\n<meta property=\"og:title\" content=\"Servicio T\u00e9cnico - RhinoSupplier\" \/>\n<meta property=\"og:description\" content=\"Servicio T\u00e9cnicoConsulte con nuestro equipo t\u00e9cnico\u00a0 Contamos con un equipo altamente calificado para dar soporte en los temas de diagn\u00f3stico, reparaciones, programaci\u00f3n adecuada de mantenimientos de los equipos de las marcas que comercializamos.\u00a0 Manejamos una propuesta comercial integral de negocios Parte de nuestros servicios son: Servicio de reparaci\u00f3n, mantenimiento preventivo y correctivo, calibraci\u00f3n y reacondicionamiento [&hellip;]\" \/>\n<meta property=\"og:url\" content=\"https:\/\/rhinosupplier.com\/index.php\/servicio-tecnico\/\" \/>\n<meta property=\"og:site_name\" content=\"RhinoSupplier\" \/>\n<meta property=\"article:modified_time\" content=\"2024-05-17T01:53:18+00:00\" \/>\n<meta name=\"twitter:card\" content=\"summary_large_image\" \/>\n<meta name=\"twitter:label1\" content=\"Tiempo de lectura\" \/>\n\t<meta name=\"twitter:data1\" content=\"2 minutos\" \/>\n<script type=\"application\/ld+json\" class=\"yoast-schema-graph\">{\"@context\":\"https:\/\/schema.org\",\"@graph\":[{\"@type\":\"WebPage\",\"@id\":\"https:\/\/rhinosupplier.com\/index.php\/servicio-tecnico\/\",\"url\":\"https:\/\/rhinosupplier.com\/index.php\/servicio-tecnico\/\",\"name\":\"Servicio T\u00e9cnico - RhinoSupplier\",\"isPartOf\":{\"@id\":\"https:\/\/rhinosupplier.com\/#website\"},\"datePublished\":\"2024-03-09T19:51:03+00:00\",\"dateModified\":\"2024-05-17T01:53:18+00:00\",\"breadcrumb\":{\"@id\":\"https:\/\/rhinosupplier.com\/index.php\/servicio-tecnico\/#breadcrumb\"},\"inLanguage\":\"es\",\"potentialAction\":[{\"@type\":\"ReadAction\",\"target\":[\"https:\/\/rhinosupplier.com\/index.php\/servicio-tecnico\/\"]}]},{\"@type\":\"BreadcrumbList\",\"@id\":\"https:\/\/rhinosupplier.com\/index.php\/servicio-tecnico\/#breadcrumb\",\"itemListElement\":[{\"@type\":\"ListItem\",\"position\":1,\"name\":\"Inicio\",\"item\":\"https:\/\/rhinosupplier.com\/\"},{\"@type\":\"ListItem\",\"position\":2,\"name\":\"Servicio T\u00e9cnico\"}]},{\"@type\":\"WebSite\",\"@id\":\"https:\/\/rhinosupplier.com\/#website\",\"url\":\"https:\/\/rhinosupplier.com\/\",\"name\":\"RhinoSupplier\",\"description\":\"\",\"potentialAction\":[{\"@type\":\"SearchAction\",\"target\":{\"@type\":\"EntryPoint\",\"urlTemplate\":\"https:\/\/rhinosupplier.com\/?s={search_term_string}\"},\"query-input\":{\"@type\":\"PropertyValueSpecification\",\"valueRequired\":true,\"valueName\":\"search_term_string\"}}],\"inLanguage\":\"es\"}]}<\/script>\n<!-- \/ Yoast SEO plugin. -->","yoast_head_json":{"title":"Servicio T\u00e9cnico - RhinoSupplier","robots":{"index":"index","follow":"follow","max-snippet":"max-snippet:-1","max-image-preview":"max-image-preview:large","max-video-preview":"max-video-preview:-1"},"canonical":"https:\/\/rhinosupplier.com\/index.php\/servicio-tecnico\/","og_locale":"es_MX","og_type":"article","og_title":"Servicio T\u00e9cnico - RhinoSupplier","og_description":"Servicio T\u00e9cnicoConsulte con nuestro equipo t\u00e9cnico\u00a0 Contamos con un equipo altamente calificado para dar soporte en los temas de diagn\u00f3stico, reparaciones, programaci\u00f3n adecuada de mantenimientos de los equipos de las marcas que comercializamos.\u00a0 Manejamos una propuesta comercial integral de negocios Parte de nuestros servicios son: Servicio de reparaci\u00f3n, mantenimiento preventivo y correctivo, calibraci\u00f3n y reacondicionamiento [&hellip;]","og_url":"https:\/\/rhinosupplier.com\/index.php\/servicio-tecnico\/","og_site_name":"RhinoSupplier","article_modified_time":"2024-05-17T01:53:18+00:00","twitter_card":"summary_large_image","twitter_misc":{"Tiempo de lectura":"2 minutos"},"schema":{"@context":"https:\/\/schema.org","@graph":[{"@type":"WebPage","@id":"https:\/\/rhinosupplier.com\/index.php\/servicio-tecnico\/","url":"https:\/\/rhinosupplier.com\/index.php\/servicio-tecnico\/","name":"Servicio T\u00e9cnico - RhinoSupplier","isPartOf":{"@id":"https:\/\/rhinosupplier.com\/#website"},"datePublished":"2024-03-09T19:51:03+00:00","dateModified":"2024-05-17T01:53:18+00:00","breadcrumb":{"@id":"https:\/\/rhinosupplier.com\/index.php\/servicio-tecnico\/#breadcrumb"},"inLanguage":"es","potentialAction":[{"@type":"ReadAction","target":["https:\/\/rhinosupplier.com\/index.php\/servicio-tecnico\/"]}]},{"@type":"BreadcrumbList","@id":"https:\/\/rhinosupplier.com\/index.php\/servicio-tecnico\/#breadcrumb","itemListElement":[{"@type":"ListItem","position":1,"name":"Inicio","item":"https:\/\/rhinosupplier.com\/"},{"@type":"ListItem","position":2,"name":"Servicio T\u00e9cnico"}]},{"@type":"WebSite","@id":"https:\/\/rhinosupplier.com\/#website","url":"https:\/\/rhinosupplier.com\/","name":"RhinoSupplier","description":"","potentialAction":[{"@type":"SearchAction","target":{"@type":"EntryPoint","urlTemplate":"https:\/\/rhinosupplier.com\/?s={search_term_string}"},"query-input":{"@type":"PropertyValueSpecification","valueRequired":true,"valueName":"search_term_string"}}],"inLanguage":"es"}]}},"_links":{"self":[{"href":"https:\/\/rhinosupplier.com\/index.php\/wp-json\/wp\/v2\/pages\/189","targetHints":{"allow":["GET"]}}],"collection":[{"href":"https:\/\/rhinosupplier.com\/index.php\/wp-json\/wp\/v2\/pages"}],"about":[{"href":"https:\/\/rhinosupplier.com\/index.php\/wp-json\/wp\/v2\/types\/page"}],"author":[{"embeddable":true,"href":"https:\/\/rhinosupplier.com\/index.php\/wp-json\/wp\/v2\/users\/1"}],"replies":[{"embeddable":true,"href":"https:\/\/rhinosupplier.com\/index.php\/wp-json\/wp\/v2\/comments?post=189"}],"version-history":[{"count":9,"href":"https:\/\/rhinosupplier.com\/index.php\/wp-json\/wp\/v2\/pages\/189\/revisions"}],"predecessor-version":[{"id":750,"href":"https:\/\/rhinosupplier.com\/index.php\/wp-json\/wp\/v2\/pages\/189\/revisions\/750"}],"wp:attachment":[{"href":"https:\/\/rhinosupplier.com\/index.php\/wp-json\/wp\/v2\/media?parent=189"}],"curies":[{"name":"wp","href":"https:\/\/api.w.org\/{rel}","templated":true}]}}