{"id":176,"date":"2024-03-09T19:33:33","date_gmt":"2024-03-09T19:33:33","guid":{"rendered":"http:\/\/rhinosupplier.com\/?page_id=176"},"modified":"2024-10-14T10:43:18","modified_gmt":"2024-10-14T16:43:18","slug":"automatizacion-y-robotica","status":"publish","type":"page","link":"https:\/\/rhinosupplier.com\/index.php\/automatizacion-y-robotica\/","title":{"rendered":"Automatizaci\u00f3n y Rob\u00f3tica"},"content":{"rendered":"<p>[et_pb_section fb_built=&#8221;1&#8243; admin_label=&#8221;Header&#8221; _builder_version=&#8221;4.22.0&#8243; _module_preset=&#8221;default&#8221; background_color=&#8221;gcid-fc7b31e8-94d8-4560-b647-c33fa43cc805&#8243; overflow-x=&#8221;hidden&#8221; overflow-y=&#8221;hidden&#8221; custom_margin=&#8221;30px|30px|30px|30px|true|true&#8221; custom_padding=&#8221;||0px|||&#8221; border_radii=&#8221;on|10px|10px|10px|10px&#8221; locked=&#8221;off&#8221; collapsed=&#8221;on&#8221; global_colors_info=&#8221;{%22gcid-fc7b31e8-94d8-4560-b647-c33fa43cc805%22:%91%22background_color%22,%22background_color%22,%22background_color%22%93}&#8221;][et_pb_row column_structure=&#8221;3_5,2_5&#8243; make_equal=&#8221;on&#8221; _builder_version=&#8221;4.25.0&#8243; _module_preset=&#8221;default&#8221; custom_padding=&#8221;0px||0px||true|false&#8221; global_colors_info=&#8221;{}&#8221;][et_pb_column type=&#8221;3_5&#8243; _builder_version=&#8221;4.22.0&#8243; _module_preset=&#8221;default&#8221; custom_padding=&#8221;6vw||6vw||true|false&#8221; global_colors_info=&#8221;{}&#8221;][et_pb_text _builder_version=&#8221;4.25.0&#8243; _module_preset=&#8221;d1c164d2-81c1-4949-a8ac-60f2c17f2103&#8243; width=&#8221;100%&#8221; custom_margin=&#8221;||10px||false|false&#8221; global_colors_info=&#8221;{}&#8221;]<\/p>\n<h1>Automatizaci\u00f3n y Rob\u00f3tica<\/h1>\n<p>[\/et_pb_text][et_pb_text _builder_version=&#8221;4.25.0&#8243; _module_preset=&#8221;default&#8221; text_font_size=&#8221;23px&#8221; text_letter_spacing=&#8221;3px&#8221; text_line_height=&#8221;2.2em&#8221; global_colors_info=&#8221;{}&#8221;]<\/p>\n<p><span data-contrast=\"auto\">Actualmente tenemos la capacidad de mecanizar o automatizar cualquier proceso de soldadura y corte.<\/span><span data-ccp-props=\"{&quot;201341983&quot;:0,&quot;335551550&quot;:6,&quot;335551620&quot;:6,&quot;335559739&quot;:160,&quot;335559740&quot;:259}\">\u00a0<\/span><\/p>\n<p>[\/et_pb_text][\/et_pb_column][et_pb_column type=&#8221;2_5&#8243; _builder_version=&#8221;4.25.0&#8243; _module_preset=&#8221;default&#8221; custom_css_main_element=&#8221;margin:auto;&#8221; border_radii_tablet=&#8221;off|10px|10px||&#8221; border_radii_phone=&#8221;off|10px|10px||&#8221; border_radii_last_edited=&#8221;on|tablet&#8221; global_colors_info=&#8221;{}&#8221;][et_pb_image src=&#8221;https:\/\/rhinosupplier.com\/wp-content\/uploads\/2024\/03\/3-49fee456-1571-4f8f-9673-2b03d786ace3-512&#215;512.jpg&#8221; title_text=&#8221;3-49fee456-1571-4f8f-9673-2b03d786ace3-512&#215;512&#8243; _builder_version=&#8221;4.25.0&#8243; _module_preset=&#8221;default&#8221; module_alignment=&#8221;center&#8221; custom_margin=&#8221;|-10vw|||false|false&#8221; global_colors_info=&#8221;{}&#8221;][\/et_pb_image][\/et_pb_column][\/et_pb_row][et_pb_row _builder_version=&#8221;4.27.2&#8243; _module_preset=&#8221;default&#8221; column_structure=&#8221;1_2,1_2&#8243;][et_pb_column _builder_version=&#8221;4.27.2&#8243; _module_preset=&#8221;default&#8221; type=&#8221;1_2&#8243;][et_pb_image src=&#8221;https:\/\/rhinosupplier.com\/wp-content\/uploads\/2024\/10\/imagen-removebg-preview2.png&#8221; _builder_version=&#8221;4.27.2&#8243; _module_preset=&#8221;default&#8221; alt=&#8221;Brismont&#8221; title_text=&#8221;Brismont&#8221; hover_enabled=&#8221;0&#8243; sticky_enabled=&#8221;0&#8243;][\/et_pb_image][\/et_pb_column][et_pb_column _builder_version=&#8221;4.27.2&#8243; _module_preset=&#8221;default&#8221; type=&#8221;1_2&#8243;][\/et_pb_column][\/et_pb_row][et_pb_row _builder_version=&#8221;4.25.0&#8243; _module_preset=&#8221;default&#8221; global_colors_info=&#8221;{}&#8221;][et_pb_column type=&#8221;4_4&#8243; _builder_version=&#8221;4.25.0&#8243; _module_preset=&#8221;default&#8221; global_colors_info=&#8221;{}&#8221;][et_pb_text _builder_version=&#8221;4.25.0&#8243; _module_preset=&#8221;default&#8221; global_colors_info=&#8221;{}&#8221;]<\/p>\n<p style=\"text-align: justify;\">Brismont\u00a0 merece ser la elecci\u00f3n principal debido a nuestra dedicaci\u00f3n inquebrantable hacia la excelencia y la innovaci\u00f3n. Desde la fabricaci\u00f3n de Celdas Rob\u00f3ticas hasta la integraci\u00f3n de sistemas l\u00e1ser, nos comprometemos a ofrecer soluciones tecnol\u00f3gicas de vanguardia que superan las expectativas. Nos distingue la calidad de nuestros productos y servicios, respaldada por a\u00f1os de experiencia y un equipo altamente calificado. La atenci\u00f3n meticulosa a la eficiencia y seguridad, as\u00ed como nuestra capacidad para adaptarnos a las necesidades espec\u00edficas de cada cliente, nos convierten en el socio ideal. Optar por Brismont es elegir la garant\u00eda de un rendimiento superior, confiabilidad y un compromiso constante con la satisfacci\u00f3n del cliente<\/p>\n<p>[\/et_pb_text][\/et_pb_column][\/et_pb_row][\/et_pb_section][et_pb_section fb_built=&#8221;1&#8243; _builder_version=&#8221;4.25.0&#8243; _module_preset=&#8221;default&#8221; global_colors_info=&#8221;{}&#8221;][et_pb_row _builder_version=&#8221;4.25.0&#8243; _module_preset=&#8221;default&#8221; global_colors_info=&#8221;{}&#8221;][et_pb_column type=&#8221;4_4&#8243; _builder_version=&#8221;4.25.0&#8243; _module_preset=&#8221;default&#8221; global_colors_info=&#8221;{}&#8221;][et_pb_text _builder_version=&#8221;4.25.0&#8243; _module_preset=&#8221;default&#8221; global_colors_info=&#8221;{}&#8221;]<\/p>\n<h1>H A B I L I D A D E S<\/h1>\n<p style=\"text-align: justify;\">Capacidad para trabajar con diferentes tipos de materiales, como acero, aluminio, y aleaciones especiales, expertos en desarrollar soluciones de soldadura personalizadas para aplicaciones espec\u00edficas, habilidad para desarrollar software y programar sistemas de control para equipos de soldadura automatizados, conocimiento en la configuraci\u00f3n y calibraci\u00f3n de equipos, as\u00ed como en la realizaci\u00f3n de pruebas de funcionamiento, ofrecemos asesoramiento t\u00e9cnico con soporte continuo para garantizar el rendimiento \u00f3ptimo de los sistemas instalados, el compromiso con la calidad del producto y el cumplimiento de los requisitos reglamentarios, estas habilidades combinadas permiten a BRISMONT ofrecer soluciones integrales y personalizadas para la integraci\u00f3n de l\u00edneas de producci\u00f3n automatizadas en el sector metal-mec\u00e1nico y automotriz, desde la concepci\u00f3n inicial del proyecto hasta el soporte continuo despu\u00e9s de la instalaci\u00f3n.<\/p>\n<p>[\/et_pb_text][\/et_pb_column][\/et_pb_row][\/et_pb_section][et_pb_section fb_built=&#8221;1&#8243; admin_label=&#8221;Call to Action&#8221; _builder_version=&#8221;4.24.3&#8243; _module_preset=&#8221;default&#8221; background_color=&#8221;#FDD947&#8243; background_image=&#8221;https:\/\/rhinosupplier.com\/wp-content\/uploads\/2024\/03\/career-coach-4.png&#8221; background_size=&#8221;initial&#8221; custom_padding=&#8221;0vw||0vw|3px|true|false&#8221; collapsed=&#8221;off&#8221; global_colors_info=&#8221;{}&#8221;][et_pb_row column_structure=&#8221;1_3,1_3,1_3&#8243; _builder_version=&#8221;4.22.0&#8243; _module_preset=&#8221;default&#8221; max_width=&#8221;880px&#8221; custom_padding=&#8221;||0px|||&#8221; global_colors_info=&#8221;{}&#8221;][et_pb_column type=&#8221;1_3&#8243; _builder_version=&#8221;4.22.0&#8243; _module_preset=&#8221;default&#8221; global_colors_info=&#8221;{}&#8221;][et_pb_text _builder_version=&#8221;4.25.0&#8243; _module_preset=&#8221;5d87d77c-e2b3-4338-a922-e5cc1faaedbd&#8221; text_text_color=&#8221;#000000&#8243; text_orientation=&#8221;center&#8221; custom_margin=&#8221;0px|11px||11px|false|false&#8221; global_colors_info=&#8221;{}&#8221;]<\/p>\n<h3>DISE\u00d1O Y FABRICACI\u00d3N DE SISTEMAS EN AUTOMATIZACI\u00d3N<\/h3>\n<p>&nbsp;<\/p>\n<ul>\n<li style=\"text-align: left;\">INTEGRATION<\/li>\n<li style=\"text-align: left;\">CUTTING SISTEMS<\/li>\n<li style=\"text-align: left;\">LASER WELDING<\/li>\n<li style=\"text-align: left;\">HARD AUTOMATION<\/li>\n<li style=\"text-align: left;\">WELDING CELLS<\/li>\n<li style=\"text-align: left;\">FUME EXTRACTIONS<\/li>\n<\/ul>\n<p>[\/et_pb_text][\/et_pb_column][et_pb_column type=&#8221;1_3&#8243; _builder_version=&#8221;4.22.0&#8243; _module_preset=&#8221;default&#8221; global_colors_info=&#8221;{}&#8221;][et_pb_text _builder_version=&#8221;4.25.0&#8243; _module_preset=&#8221;default&#8221; text_text_color=&#8221;#000000&#8243; global_colors_info=&#8221;{}&#8221;]<\/p>\n<h3>AUTOMATIZACI\u00d3N EN SOLDADURA Y CORTE<\/h3>\n<p>&nbsp;<\/p>\n<ul>\n<li>Automatizaci\u00f3n de Sistemas HARD<\/li>\n<li>Automatizaci\u00f3n de procesos de soldaduras<\/li>\n<li>Desarrollo de aplicaciones rob\u00f3ticas en soldadura<\/li>\n<li>Fabricaci\u00f3n de celdas rob\u00f3ticas y Herramentales<\/li>\n<li>Sistemas de Corte<\/li>\n<li>Robots Cobots para Soldar<\/li>\n<\/ul>\n<p>[\/et_pb_text][\/et_pb_column][et_pb_column type=&#8221;1_3&#8243; _builder_version=&#8221;4.22.0&#8243; _module_preset=&#8221;default&#8221; global_colors_info=&#8221;{}&#8221;][et_pb_text _builder_version=&#8221;4.25.0&#8243; _module_preset=&#8221;default&#8221; text_text_color=&#8221;#000000&#8243; global_colors_info=&#8221;{}&#8221;]<\/p>\n<h3>SISTEMAS DE EXTRACCION DE HUMOS<\/h3>\n<p>&nbsp;<\/p>\n<ul>\n<li>\u00a0Sistemas de extracci\u00f3n de Humos para soldadura<\/li>\n<li>Sistemas de extracci\u00f3n de Polvos<\/li>\n<li>Sistemas de extracci\u00f3n de Humos y Aceites<\/li>\n<li>Sistema de limpieza de Desbaste<\/li>\n<li>Sistemas de Control, para los diferentes tipos de extracci\u00f3n.<\/li>\n<\/ul>\n<p>[\/et_pb_text][\/et_pb_column][\/et_pb_row][et_pb_row _builder_version=&#8221;4.22.0&#8243; _module_preset=&#8221;default&#8221; max_width=&#8221;880px&#8221; custom_padding=&#8221;||0px|||&#8221; global_colors_info=&#8221;{}&#8221;][et_pb_column type=&#8221;4_4&#8243; _builder_version=&#8221;4.22.0&#8243; _module_preset=&#8221;default&#8221; global_colors_info=&#8221;{}&#8221;][et_pb_text _builder_version=&#8221;4.25.0&#8243; _module_preset=&#8221;5d87d77c-e2b3-4338-a922-e5cc1faaedbd&#8221; text_text_color=&#8221;#000000&#8243; text_orientation=&#8221;center&#8221; custom_margin=&#8221;0px|11px|11px|11px|false|false&#8221; global_colors_info=&#8221;{}&#8221;]<\/p>\n<p style=\"text-align: justify;\">Contamos con la experiencia en integraciones de sistemas de control y de rob\u00f3tica, contamos dentro de nuestros alcances con la experiencia de manejar las mejores marcas de robots del mercado. Esto nos permite integrar sistemas como soluci\u00f3n llave en mano de acuerdo con sus requerimientos de producci\u00f3n.<\/p>\n<p style=\"text-align: justify;\">Aplicaciones en soldadura Mig o Tig. Convertimos su proceso de semiautomatico \u00f3 manual a autom\u00e1tico, integrando la fuente de su preferencia, Lincoln, OTC Daihen, ESAB etc. Con el protocolo de comunicaci\u00f3n de su est\u00e1ndar.<br \/>Celdas de soldadura Mig, Spot y Tig. Desarrollados a sus requerimientos de producci\u00f3n y a la medida de sus necesidades de operaci\u00f3n.<br \/>Soluciones con sistemas o equipos Hard Automation, posicionamiento y manipulaci\u00f3n para soldar.<\/p>\n<p>[\/et_pb_text][\/et_pb_column][\/et_pb_row][et_pb_row _builder_version=&#8221;4.22.0&#8243; _module_preset=&#8221;default&#8221; max_width=&#8221;880px&#8221; custom_padding=&#8221;||0px|||&#8221; global_colors_info=&#8221;{}&#8221;][et_pb_column type=&#8221;4_4&#8243; _builder_version=&#8221;4.22.0&#8243; _module_preset=&#8221;default&#8221; global_colors_info=&#8221;{}&#8221;][et_pb_text _builder_version=&#8221;4.25.0&#8243; _module_preset=&#8221;default&#8221; text_text_color=&#8221;#000000&#8243; global_colors_info=&#8221;{}&#8221;]<\/p>\n<div class=\"et-module-6192067a-19b6-427b-8ee4-d157dcbea394 et_pb_column ui-sortable et-animated--vb et_pb_column_4_4 et_pb_column_9 et-first-child et-last-child et_pb_with_border\" data-address=\"3.0.0\">\n<div class=\"et_fb_editing_enabled et-module-4e731f4b-4822-4484-892f-e07ef6478b91 et_pb_text et_pb_module ui-sortable et_pb_text_9 et-animated--vb et_pb_text_align_left et_pb_bg_layout_light et-pb-with-global-presets et-first-child et-last-child\" data-address=\"3.0.0.0\" dynamic=\"[object Object]\" matching=\"[object Object]\" _key=\"4e731f4b-4822-4484-892f-e07ef6478b91\" parent_slug=\"et_pb_column\">\n<div class=\"et_pb_text_inner\">\n<div data-shortcode-id=\"3.0.0.0-1713646913093\" data-quickaccess-editable=\"yes\" class=\"et-fb-popover-tinymce\">\n<div class=\"mce-content-body\" contenteditable=\"true\" style=\"position: relative;\">\n<h2 style=\"text-align: center;\">Proyectos en los que hemos participado<\/h2>\n<p>&nbsp;<\/p>\n<ul>\n<li style=\"text-align: justify;\">L\u00edneas para fabricaci\u00f3n de tanques, recipientes a presi\u00f3n e intercambiadores de calor, que incluyen: rodillos viradores, manipuladores, posicionadores, equipos de soldar y seguidores mec\u00e1nicos.<\/li>\n<li style=\"text-align: justify;\">L\u00edneas para fabricaci\u00f3n de tuber\u00eda, que incluyen: booms, alineadores internos, rodillos viradores, rodillos transportadores, manipuladores, equipos de soldar y c\u00e1maras.<\/li>\n<li style=\"text-align: justify;\">L\u00edneas para hacer spools, que incluyen: equipo de soldar especializado, posicionadores viradores, m\u00e1quinas CNC para corte de tuber\u00eda, cortadoras biseladoras mec\u00e1nicas, m\u00e1quinas orbitales de soldadura, m\u00e1quinas autom\u00e1ticas de conexiones, rectificadoras de bridas y alineadores de tuber\u00eda.<\/li>\n<li style=\"text-align: justify;\">L\u00edneas de vigas, que incluyen: corta tiras y pant\u00f3grafos, biseladoras tipo tractor y mec\u00e1nicas, armadoras autom\u00e1ticas, gantries, tractores de soldar, equipos de soldar y rectificadoras.<\/li>\n<li style=\"text-align: justify;\">L\u00edneas de carros de ferrocarril, que incluyen: posicionadores, pant\u00f3grafos, m\u00e1quinas de soldar, Seamers y tractores de soldar.<\/li>\n<li style=\"text-align: justify;\">Tendidos de tuber\u00eda, que incluyen: alineadores internos y externos, tractores de tendido, dobladoras, m\u00e1quinas orbitales de soldar y bis<\/li>\n<\/ul>\n<\/div>\n<\/div>\n<\/div>\n<\/div>\n<\/div>\n<p>[\/et_pb_text][\/et_pb_column][\/et_pb_row][\/et_pb_section]<\/p>\n","protected":false},"excerpt":{"rendered":"<p>Automatizaci\u00f3n y Rob\u00f3ticaActualmente tenemos la capacidad de mecanizar o automatizar cualquier proceso de soldadura y corte.\u00a0Brismont\u00a0 merece ser la elecci\u00f3n principal debido a nuestra dedicaci\u00f3n inquebrantable hacia la excelencia y la innovaci\u00f3n. Desde la fabricaci\u00f3n de Celdas Rob\u00f3ticas hasta la integraci\u00f3n de sistemas l\u00e1ser, nos comprometemos a ofrecer soluciones tecnol\u00f3gicas de vanguardia que superan las [&hellip;]<\/p>\n","protected":false},"author":1,"featured_media":0,"parent":0,"menu_order":0,"comment_status":"closed","ping_status":"closed","template":"","meta":{"_et_pb_use_builder":"on","_et_pb_old_content":"","_et_gb_content_width":"","footnotes":""},"class_list":["post-176","page","type-page","status-publish","hentry"],"yoast_head":"<!-- This site is optimized with the Yoast SEO plugin v26.6 - https:\/\/yoast.com\/wordpress\/plugins\/seo\/ -->\n<title>Automatizaci\u00f3n y Rob\u00f3tica - RhinoSupplier<\/title>\n<meta name=\"robots\" content=\"index, follow, max-snippet:-1, max-image-preview:large, max-video-preview:-1\" \/>\n<link rel=\"canonical\" href=\"https:\/\/rhinosupplier.com\/index.php\/automatizacion-y-robotica\/\" \/>\n<meta property=\"og:locale\" content=\"es_MX\" \/>\n<meta property=\"og:type\" content=\"article\" \/>\n<meta property=\"og:title\" content=\"Automatizaci\u00f3n y Rob\u00f3tica - RhinoSupplier\" \/>\n<meta property=\"og:description\" content=\"Automatizaci\u00f3n y Rob\u00f3ticaActualmente tenemos la capacidad de mecanizar o automatizar cualquier proceso de soldadura y corte.\u00a0Brismont\u00a0 merece ser la elecci\u00f3n principal debido a nuestra dedicaci\u00f3n inquebrantable hacia la excelencia y la innovaci\u00f3n. Desde la fabricaci\u00f3n de Celdas Rob\u00f3ticas hasta la integraci\u00f3n de sistemas l\u00e1ser, nos comprometemos a ofrecer soluciones tecnol\u00f3gicas de vanguardia que superan las [&hellip;]\" \/>\n<meta property=\"og:url\" content=\"https:\/\/rhinosupplier.com\/index.php\/automatizacion-y-robotica\/\" \/>\n<meta property=\"og:site_name\" content=\"RhinoSupplier\" \/>\n<meta property=\"article:modified_time\" content=\"2024-10-14T16:43:18+00:00\" \/>\n<meta name=\"twitter:card\" content=\"summary_large_image\" \/>\n<meta name=\"twitter:label1\" content=\"Tiempo de lectura\" \/>\n\t<meta name=\"twitter:data1\" content=\"7 minutos\" \/>\n<script type=\"application\/ld+json\" class=\"yoast-schema-graph\">{\"@context\":\"https:\/\/schema.org\",\"@graph\":[{\"@type\":\"WebPage\",\"@id\":\"https:\/\/rhinosupplier.com\/index.php\/automatizacion-y-robotica\/\",\"url\":\"https:\/\/rhinosupplier.com\/index.php\/automatizacion-y-robotica\/\",\"name\":\"Automatizaci\u00f3n y Rob\u00f3tica - RhinoSupplier\",\"isPartOf\":{\"@id\":\"https:\/\/rhinosupplier.com\/#website\"},\"datePublished\":\"2024-03-09T19:33:33+00:00\",\"dateModified\":\"2024-10-14T16:43:18+00:00\",\"breadcrumb\":{\"@id\":\"https:\/\/rhinosupplier.com\/index.php\/automatizacion-y-robotica\/#breadcrumb\"},\"inLanguage\":\"es\",\"potentialAction\":[{\"@type\":\"ReadAction\",\"target\":[\"https:\/\/rhinosupplier.com\/index.php\/automatizacion-y-robotica\/\"]}]},{\"@type\":\"BreadcrumbList\",\"@id\":\"https:\/\/rhinosupplier.com\/index.php\/automatizacion-y-robotica\/#breadcrumb\",\"itemListElement\":[{\"@type\":\"ListItem\",\"position\":1,\"name\":\"Inicio\",\"item\":\"https:\/\/rhinosupplier.com\/\"},{\"@type\":\"ListItem\",\"position\":2,\"name\":\"Automatizaci\u00f3n y Rob\u00f3tica\"}]},{\"@type\":\"WebSite\",\"@id\":\"https:\/\/rhinosupplier.com\/#website\",\"url\":\"https:\/\/rhinosupplier.com\/\",\"name\":\"RhinoSupplier\",\"description\":\"\",\"potentialAction\":[{\"@type\":\"SearchAction\",\"target\":{\"@type\":\"EntryPoint\",\"urlTemplate\":\"https:\/\/rhinosupplier.com\/?s={search_term_string}\"},\"query-input\":{\"@type\":\"PropertyValueSpecification\",\"valueRequired\":true,\"valueName\":\"search_term_string\"}}],\"inLanguage\":\"es\"}]}<\/script>\n<!-- \/ Yoast SEO plugin. -->","yoast_head_json":{"title":"Automatizaci\u00f3n y Rob\u00f3tica - RhinoSupplier","robots":{"index":"index","follow":"follow","max-snippet":"max-snippet:-1","max-image-preview":"max-image-preview:large","max-video-preview":"max-video-preview:-1"},"canonical":"https:\/\/rhinosupplier.com\/index.php\/automatizacion-y-robotica\/","og_locale":"es_MX","og_type":"article","og_title":"Automatizaci\u00f3n y Rob\u00f3tica - RhinoSupplier","og_description":"Automatizaci\u00f3n y Rob\u00f3ticaActualmente tenemos la capacidad de mecanizar o automatizar cualquier proceso de soldadura y corte.\u00a0Brismont\u00a0 merece ser la elecci\u00f3n principal debido a nuestra dedicaci\u00f3n inquebrantable hacia la excelencia y la innovaci\u00f3n. Desde la fabricaci\u00f3n de Celdas Rob\u00f3ticas hasta la integraci\u00f3n de sistemas l\u00e1ser, nos comprometemos a ofrecer soluciones tecnol\u00f3gicas de vanguardia que superan las [&hellip;]","og_url":"https:\/\/rhinosupplier.com\/index.php\/automatizacion-y-robotica\/","og_site_name":"RhinoSupplier","article_modified_time":"2024-10-14T16:43:18+00:00","twitter_card":"summary_large_image","twitter_misc":{"Tiempo de lectura":"7 minutos"},"schema":{"@context":"https:\/\/schema.org","@graph":[{"@type":"WebPage","@id":"https:\/\/rhinosupplier.com\/index.php\/automatizacion-y-robotica\/","url":"https:\/\/rhinosupplier.com\/index.php\/automatizacion-y-robotica\/","name":"Automatizaci\u00f3n y Rob\u00f3tica - RhinoSupplier","isPartOf":{"@id":"https:\/\/rhinosupplier.com\/#website"},"datePublished":"2024-03-09T19:33:33+00:00","dateModified":"2024-10-14T16:43:18+00:00","breadcrumb":{"@id":"https:\/\/rhinosupplier.com\/index.php\/automatizacion-y-robotica\/#breadcrumb"},"inLanguage":"es","potentialAction":[{"@type":"ReadAction","target":["https:\/\/rhinosupplier.com\/index.php\/automatizacion-y-robotica\/"]}]},{"@type":"BreadcrumbList","@id":"https:\/\/rhinosupplier.com\/index.php\/automatizacion-y-robotica\/#breadcrumb","itemListElement":[{"@type":"ListItem","position":1,"name":"Inicio","item":"https:\/\/rhinosupplier.com\/"},{"@type":"ListItem","position":2,"name":"Automatizaci\u00f3n y Rob\u00f3tica"}]},{"@type":"WebSite","@id":"https:\/\/rhinosupplier.com\/#website","url":"https:\/\/rhinosupplier.com\/","name":"RhinoSupplier","description":"","potentialAction":[{"@type":"SearchAction","target":{"@type":"EntryPoint","urlTemplate":"https:\/\/rhinosupplier.com\/?s={search_term_string}"},"query-input":{"@type":"PropertyValueSpecification","valueRequired":true,"valueName":"search_term_string"}}],"inLanguage":"es"}]}},"_links":{"self":[{"href":"https:\/\/rhinosupplier.com\/index.php\/wp-json\/wp\/v2\/pages\/176","targetHints":{"allow":["GET"]}}],"collection":[{"href":"https:\/\/rhinosupplier.com\/index.php\/wp-json\/wp\/v2\/pages"}],"about":[{"href":"https:\/\/rhinosupplier.com\/index.php\/wp-json\/wp\/v2\/types\/page"}],"author":[{"embeddable":true,"href":"https:\/\/rhinosupplier.com\/index.php\/wp-json\/wp\/v2\/users\/1"}],"replies":[{"embeddable":true,"href":"https:\/\/rhinosupplier.com\/index.php\/wp-json\/wp\/v2\/comments?post=176"}],"version-history":[{"count":17,"href":"https:\/\/rhinosupplier.com\/index.php\/wp-json\/wp\/v2\/pages\/176\/revisions"}],"predecessor-version":[{"id":962,"href":"https:\/\/rhinosupplier.com\/index.php\/wp-json\/wp\/v2\/pages\/176\/revisions\/962"}],"wp:attachment":[{"href":"https:\/\/rhinosupplier.com\/index.php\/wp-json\/wp\/v2\/media?parent=176"}],"curies":[{"name":"wp","href":"https:\/\/api.w.org\/{rel}","templated":true}]}}